{"id":17502,"date":"2025-03-10T16:09:41","date_gmt":"2025-03-10T15:09:41","guid":{"rendered":"https:\/\/www.iamslip.com\/?post_type=product&#038;p=17502"},"modified":"2025-12-12T15:32:12","modified_gmt":"2025-12-12T14:32:12","slug":"iconic-duo-magic-johnson-kareem-abdul-jabbar","status":"publish","type":"product","link":"https:\/\/www.iamslip.com\/?product=iconic-duo-magic-johnson-kareem-abdul-jabbar","title":{"rendered":"Iconic Duo \u2013 Magic Johnson &#038; Kareem Abdul-Jabbar"},"content":{"rendered":"<p data-start=\"187\" data-end=\"494\">Plongez dans l\u2019\u00e8re mythique du <strong data-start=\"218\" data-end=\"230\">Showtime<\/strong> avec cette carte <strong data-start=\"248\" data-end=\"262\">Iconic Duo<\/strong>, mettant en lumi\u00e8re <strong data-start=\"283\" data-end=\"322\">Magic Johnson &amp; Kareem Abdul-Jabbar<\/strong>. Ce duo l\u00e9gendaire des <strong data-start=\"346\" data-end=\"368\">Los Angeles Lakers<\/strong> a domin\u00e9 les ann\u00e9es 80 avec son jeu spectaculaire et son efficacit\u00e9 redoutable, menant la franchise \u00e0 plusieurs titres NBA.<\/p>\n<p data-start=\"187\" data-end=\"494\">Version Holo Glitter<\/p>\n<p data-start=\"496\" data-end=\"590\" data-is-last-node=\"\" data-is-only-node=\"\">\ud83c\udfc0 <strong data-start=\"499\" data-end=\"590\" data-is-last-node=\"\">Une pi\u00e8ce incontournable pour les fans des Lakers et les passionn\u00e9s de basket vintage !<\/strong><\/p>\n","protected":false},"excerpt":{"rendered":"<p>Plongez dans l\u2019\u00e8re mythique du Showtime avec cette carte Iconic Duo, mettant en lumi\u00e8re Magic Johnson &amp; Kareem Abdul-Jabbar. Ce duo l\u00e9gendaire des Los Angeles Lakers a domin\u00e9 les ann\u00e9es 80 avec son jeu spectaculaire et son efficacit\u00e9 redoutable, menant la franchise \u00e0 plusieurs titres NBA. Version Holo Glitter \ud83c\udfc0 Une pi\u00e8ce incontournable pour les [&hellip;]<\/p>\n","protected":false},"featured_media":18080,"template":"","meta":{"_crdt_document":"","_uag_custom_page_level_css":"","_swt_meta_header_display":false,"_swt_meta_footer_display":false,"_swt_meta_site_title_display":false,"_swt_meta_sticky_header":false,"_swt_meta_transparent_header":false},"product_brand":[],"product_cat":[5119],"product_tag":[5124,5123,5133,5122,5132],"class_list":{"0":"post-17502","1":"product","2":"type-product","3":"status-publish","4":"has-post-thumbnail","6":"product_cat-cartes-nba-duo","7":"product_tag-duo","8":"product_tag-iconic","9":"product_tag-jabbar","10":"product_tag-lakers","11":"product_tag-magic","12":"product_shipping_class-cartes","14":"first","15":"instock","16":"featured","17":"shipping-taxable","18":"purchasable","19":"product-type-simple"},"uagb_featured_image_src":{"full":["https:\/\/www.iamslip.com\/wp-content\/uploads\/2025\/03\/mockup_carte_slab10.jpg",736,924,false],"thumbnail":["https:\/\/www.iamslip.com\/wp-content\/uploads\/2025\/03\/mockup_carte_slab10-150x150.jpg",150,150,true],"medium":["https:\/\/www.iamslip.com\/wp-content\/uploads\/2025\/03\/mockup_carte_slab10-239x300.jpg",239,300,true],"medium_large":["https:\/\/www.iamslip.com\/wp-content\/uploads\/2025\/03\/mockup_carte_slab10.jpg",736,924,false],"large":["https:\/\/www.iamslip.com\/wp-content\/uploads\/2025\/03\/mockup_carte_slab10.jpg",736,924,false],"1536x1536":["https:\/\/www.iamslip.com\/wp-content\/uploads\/2025\/03\/mockup_carte_slab10.jpg",736,924,false],"2048x2048":["https:\/\/www.iamslip.com\/wp-content\/uploads\/2025\/03\/mockup_carte_slab10.jpg",736,924,false],"woocommerce_thumbnail":["https:\/\/www.iamslip.com\/wp-content\/uploads\/2025\/03\/mockup_carte_slab10-300x300.jpg",300,300,true],"woocommerce_single":["https:\/\/www.iamslip.com\/wp-content\/uploads\/2025\/03\/mockup_carte_slab10-600x753.jpg",600,753,true],"woocommerce_gallery_thumbnail":["https:\/\/www.iamslip.com\/wp-content\/uploads\/2025\/03\/mockup_carte_slab10-100x100.jpg",100,100,true]},"uagb_author_info":{"display_name":"slip","author_link":"https:\/\/www.iamslip.com\/?author=0"},"uagb_comment_info":0,"uagb_excerpt":"Plongez dans l\u2019\u00e8re mythique du Showtime avec cette carte Iconic Duo, mettant en lumi\u00e8re Magic Johnson &amp; Kareem Abdul-Jabbar. Ce duo l\u00e9gendaire des Los Angeles Lakers a domin\u00e9 les ann\u00e9es 80 avec son jeu spectaculaire et son efficacit\u00e9 redoutable, menant la franchise \u00e0 plusieurs titres NBA. Version Holo Glitter \ud83c\udfc0 Une pi\u00e8ce incontournable pour les\u2026","_links":{"self":[{"href":"https:\/\/www.iamslip.com\/index.php?rest_route=\/wp\/v2\/product\/17502","targetHints":{"allow":["GET"]}}],"collection":[{"href":"https:\/\/www.iamslip.com\/index.php?rest_route=\/wp\/v2\/product"}],"about":[{"href":"https:\/\/www.iamslip.com\/index.php?rest_route=\/wp\/v2\/types\/product"}],"wp:featuredmedia":[{"embeddable":true,"href":"https:\/\/www.iamslip.com\/index.php?rest_route=\/wp\/v2\/media\/18080"}],"wp:attachment":[{"href":"https:\/\/www.iamslip.com\/index.php?rest_route=%2Fwp%2Fv2%2Fmedia&parent=17502"}],"wp:term":[{"taxonomy":"product_brand","embeddable":true,"href":"https:\/\/www.iamslip.com\/index.php?rest_route=%2Fwp%2Fv2%2Fproduct_brand&post=17502"},{"taxonomy":"product_cat","embeddable":true,"href":"https:\/\/www.iamslip.com\/index.php?rest_route=%2Fwp%2Fv2%2Fproduct_cat&post=17502"},{"taxonomy":"product_tag","embeddable":true,"href":"https:\/\/www.iamslip.com\/index.php?rest_route=%2Fwp%2Fv2%2Fproduct_tag&post=17502"}],"curies":[{"name":"wp","href":"https:\/\/api.w.org\/{rel}","templated":true}]}}