{"id":17500,"date":"2025-03-10T15:53:18","date_gmt":"2025-03-10T14:53:18","guid":{"rendered":"https:\/\/www.iamslip.com\/?post_type=product&#038;p=17500"},"modified":"2025-12-08T17:21:50","modified_gmt":"2025-12-08T16:21:50","slug":"iconic-duo-tony-parker-manu-ginobili","status":"publish","type":"product","link":"https:\/\/www.iamslip.com\/?product=iconic-duo-tony-parker-manu-ginobili","title":{"rendered":"Iconic Duo \u2013 Tony Parker &#038; Manu Gin\u00f3bili"},"content":{"rendered":"<p data-start=\"182\" data-end=\"493\">Revivez l\u2019\u00e2ge d\u2019or des <strong data-start=\"205\" data-end=\"226\">San Antonio Spurs<\/strong> avec cette carte <strong data-start=\"244\" data-end=\"258\">Iconic Duo<\/strong>, c\u00e9l\u00e9brant le duo l\u00e9gendaire <strong data-start=\"288\" data-end=\"319\">Tony Parker &amp; Manu Gin\u00f3bili<\/strong>. Ces deux maestros du jeu ont marqu\u00e9 la NBA avec leur intelligence, leur talent et leur alchimie exceptionnelle sur le terrain, contribuant \u00e0 plusieurs titres de champion.<\/p>\n<p data-start=\"495\" data-end=\"579\" data-is-last-node=\"\" data-is-only-node=\"\">\ud83c\udfc0 <strong data-start=\"498\" data-end=\"579\" data-is-last-node=\"\">Un must-have pour les fans des Spurs et les collectionneurs de l\u00e9gendes NBA !<\/strong><\/p>\n","protected":false},"excerpt":{"rendered":"<p>Revivez l\u2019\u00e2ge d\u2019or des San Antonio Spurs avec cette carte Iconic Duo, c\u00e9l\u00e9brant le duo l\u00e9gendaire Tony Parker &amp; Manu Gin\u00f3bili. Ces deux maestros du jeu ont marqu\u00e9 la NBA avec leur intelligence, leur talent et leur alchimie exceptionnelle sur le terrain, contribuant \u00e0 plusieurs titres de champion. \ud83c\udfc0 Un must-have pour les fans des [&hellip;]<\/p>\n","protected":false},"featured_media":18081,"template":"","meta":{"_crdt_document":"","_uag_custom_page_level_css":"","_swt_meta_header_display":false,"_swt_meta_footer_display":false,"_swt_meta_site_title_display":false,"_swt_meta_sticky_header":false,"_swt_meta_transparent_header":false},"product_brand":[],"product_cat":[5119],"product_tag":[5124,5130,5123,5129,5128,5127,5131],"class_list":{"0":"post-17500","1":"product","2":"type-product","3":"status-publish","4":"has-post-thumbnail","6":"product_cat-cartes-nba-duo","7":"product_tag-duo","8":"product_tag-ginobili","9":"product_tag-iconic","10":"product_tag-parker","11":"product_tag-san-antonio","12":"product_tag-spurs","13":"product_tag-tp","14":"product_shipping_class-cartes","16":"first","17":"outofstock","18":"shipping-taxable","19":"purchasable","20":"product-type-simple"},"uagb_featured_image_src":{"full":["https:\/\/www.iamslip.com\/wp-content\/uploads\/2025\/03\/mockup_carte_slab11.jpg",736,924,false],"thumbnail":["https:\/\/www.iamslip.com\/wp-content\/uploads\/2025\/03\/mockup_carte_slab11-150x150.jpg",150,150,true],"medium":["https:\/\/www.iamslip.com\/wp-content\/uploads\/2025\/03\/mockup_carte_slab11-239x300.jpg",239,300,true],"medium_large":["https:\/\/www.iamslip.com\/wp-content\/uploads\/2025\/03\/mockup_carte_slab11.jpg",736,924,false],"large":["https:\/\/www.iamslip.com\/wp-content\/uploads\/2025\/03\/mockup_carte_slab11.jpg",736,924,false],"1536x1536":["https:\/\/www.iamslip.com\/wp-content\/uploads\/2025\/03\/mockup_carte_slab11.jpg",736,924,false],"2048x2048":["https:\/\/www.iamslip.com\/wp-content\/uploads\/2025\/03\/mockup_carte_slab11.jpg",736,924,false],"woocommerce_thumbnail":["https:\/\/www.iamslip.com\/wp-content\/uploads\/2025\/03\/mockup_carte_slab11-300x300.jpg",300,300,true],"woocommerce_single":["https:\/\/www.iamslip.com\/wp-content\/uploads\/2025\/03\/mockup_carte_slab11-600x753.jpg",600,753,true],"woocommerce_gallery_thumbnail":["https:\/\/www.iamslip.com\/wp-content\/uploads\/2025\/03\/mockup_carte_slab11-100x100.jpg",100,100,true]},"uagb_author_info":{"display_name":"slip","author_link":"https:\/\/www.iamslip.com\/?author=0"},"uagb_comment_info":0,"uagb_excerpt":"Revivez l\u2019\u00e2ge d\u2019or des San Antonio Spurs avec cette carte Iconic Duo, c\u00e9l\u00e9brant le duo l\u00e9gendaire Tony Parker &amp; Manu Gin\u00f3bili. Ces deux maestros du jeu ont marqu\u00e9 la NBA avec leur intelligence, leur talent et leur alchimie exceptionnelle sur le terrain, contribuant \u00e0 plusieurs titres de champion. \ud83c\udfc0 Un must-have pour les fans des\u2026","_links":{"self":[{"href":"https:\/\/www.iamslip.com\/index.php?rest_route=\/wp\/v2\/product\/17500","targetHints":{"allow":["GET"]}}],"collection":[{"href":"https:\/\/www.iamslip.com\/index.php?rest_route=\/wp\/v2\/product"}],"about":[{"href":"https:\/\/www.iamslip.com\/index.php?rest_route=\/wp\/v2\/types\/product"}],"wp:featuredmedia":[{"embeddable":true,"href":"https:\/\/www.iamslip.com\/index.php?rest_route=\/wp\/v2\/media\/18081"}],"wp:attachment":[{"href":"https:\/\/www.iamslip.com\/index.php?rest_route=%2Fwp%2Fv2%2Fmedia&parent=17500"}],"wp:term":[{"taxonomy":"product_brand","embeddable":true,"href":"https:\/\/www.iamslip.com\/index.php?rest_route=%2Fwp%2Fv2%2Fproduct_brand&post=17500"},{"taxonomy":"product_cat","embeddable":true,"href":"https:\/\/www.iamslip.com\/index.php?rest_route=%2Fwp%2Fv2%2Fproduct_cat&post=17500"},{"taxonomy":"product_tag","embeddable":true,"href":"https:\/\/www.iamslip.com\/index.php?rest_route=%2Fwp%2Fv2%2Fproduct_tag&post=17500"}],"curies":[{"name":"wp","href":"https:\/\/api.w.org\/{rel}","templated":true}]}}