{"id":17335,"date":"2025-03-10T09:07:59","date_gmt":"2025-03-10T08:07:59","guid":{"rendered":"https:\/\/www.iamslip.com\/?product=lattaque-du-black-mamba"},"modified":"2025-03-21T08:42:09","modified_gmt":"2025-03-21T07:42:09","slug":"lattaque-du-black-mamba","status":"publish","type":"product","link":"https:\/\/www.iamslip.com\/?product=lattaque-du-black-mamba","title":{"rendered":"L&rsquo;attaque du Black Mamba"},"content":{"rendered":"<p class=\"product-description\">Collage Num\u00e9rique<\/p>\n<p class=\"product-description\">Affiche A3 sur papier 270g, sign\u00e9e par SLip<\/p>\n<p>&nbsp;<\/p>\n<p class=\"product-description\">extrait de l&rsquo;exposition <strong>Double Double<\/strong><\/p>\n<p class=\"product-description\">d&rsquo;apr\u00e8s \u00ab\u00a0<em>Laocon et ses deux fils mordus par des serpents<\/em>\u00a0\u00bb de Pieter Soutman<\/p>\n","protected":false},"excerpt":{"rendered":"<p>Collage Num\u00e9rique Affiche A3 sur papier 270g, sign\u00e9e par SLip &nbsp; extrait de l&rsquo;exposition Double Double d&rsquo;apr\u00e8s \u00ab\u00a0Laocon et ses deux fils mordus par des serpents\u00a0\u00bb de Pieter Soutman<\/p>\n","protected":false},"featured_media":17348,"template":"","meta":{"_crdt_document":"","_uag_custom_page_level_css":"","_swt_meta_header_display":false,"_swt_meta_footer_display":false,"_swt_meta_site_title_display":false,"_swt_meta_sticky_header":false,"_swt_meta_transparent_header":false},"product_brand":[],"product_cat":[5103],"product_tag":[],"class_list":{"0":"post-17335","1":"product","2":"type-product","3":"status-publish","4":"has-post-thumbnail","6":"product_cat-prints-double-double","7":"product_shipping_class-prints","9":"first","10":"instock","11":"shipping-taxable","12":"purchasable","13":"product-type-simple"},"uagb_featured_image_src":{"full":["https:\/\/www.iamslip.com\/wp-content\/uploads\/2025\/03\/preview-kobe.jpg",1200,849,false],"thumbnail":["https:\/\/www.iamslip.com\/wp-content\/uploads\/2025\/03\/preview-kobe-150x150.jpg",150,150,true],"medium":["https:\/\/www.iamslip.com\/wp-content\/uploads\/2025\/03\/preview-kobe-300x212.jpg",300,212,true],"medium_large":["https:\/\/www.iamslip.com\/wp-content\/uploads\/2025\/03\/preview-kobe-768x543.jpg",768,543,true],"large":["https:\/\/www.iamslip.com\/wp-content\/uploads\/2025\/03\/preview-kobe-1024x724.jpg",1024,724,true],"1536x1536":["https:\/\/www.iamslip.com\/wp-content\/uploads\/2025\/03\/preview-kobe.jpg",1200,849,false],"2048x2048":["https:\/\/www.iamslip.com\/wp-content\/uploads\/2025\/03\/preview-kobe.jpg",1200,849,false],"woocommerce_thumbnail":["https:\/\/www.iamslip.com\/wp-content\/uploads\/2025\/03\/preview-kobe-300x300.jpg",300,300,true],"woocommerce_single":["https:\/\/www.iamslip.com\/wp-content\/uploads\/2025\/03\/preview-kobe-600x425.jpg",600,425,true],"woocommerce_gallery_thumbnail":["https:\/\/www.iamslip.com\/wp-content\/uploads\/2025\/03\/preview-kobe-100x100.jpg",100,100,true]},"uagb_author_info":{"display_name":"slip","author_link":"https:\/\/www.iamslip.com\/?author=0"},"uagb_comment_info":0,"uagb_excerpt":"Collage Num\u00e9rique Affiche A3 sur papier 270g, sign\u00e9e par SLip &nbsp; extrait de l&rsquo;exposition Double Double d&rsquo;apr\u00e8s \u00ab\u00a0Laocon et ses deux fils mordus par des serpents\u00a0\u00bb de Pieter Soutman","_links":{"self":[{"href":"https:\/\/www.iamslip.com\/index.php?rest_route=\/wp\/v2\/product\/17335","targetHints":{"allow":["GET"]}}],"collection":[{"href":"https:\/\/www.iamslip.com\/index.php?rest_route=\/wp\/v2\/product"}],"about":[{"href":"https:\/\/www.iamslip.com\/index.php?rest_route=\/wp\/v2\/types\/product"}],"wp:featuredmedia":[{"embeddable":true,"href":"https:\/\/www.iamslip.com\/index.php?rest_route=\/wp\/v2\/media\/17348"}],"wp:attachment":[{"href":"https:\/\/www.iamslip.com\/index.php?rest_route=%2Fwp%2Fv2%2Fmedia&parent=17335"}],"wp:term":[{"taxonomy":"product_brand","embeddable":true,"href":"https:\/\/www.iamslip.com\/index.php?rest_route=%2Fwp%2Fv2%2Fproduct_brand&post=17335"},{"taxonomy":"product_cat","embeddable":true,"href":"https:\/\/www.iamslip.com\/index.php?rest_route=%2Fwp%2Fv2%2Fproduct_cat&post=17335"},{"taxonomy":"product_tag","embeddable":true,"href":"https:\/\/www.iamslip.com\/index.php?rest_route=%2Fwp%2Fv2%2Fproduct_tag&post=17335"}],"curies":[{"name":"wp","href":"https:\/\/api.w.org\/{rel}","templated":true}]}}