{"id":17332,"date":"2025-03-10T09:07:49","date_gmt":"2025-03-10T08:07:49","guid":{"rendered":"https:\/\/www.iamslip.com\/?product=nike-jordan-6"},"modified":"2025-12-12T15:06:36","modified_gmt":"2025-12-12T14:06:36","slug":"nike-jordan-6","status":"publish","type":"product","link":"https:\/\/www.iamslip.com\/?product=nike-jordan-6","title":{"rendered":"Nike Jordan 6"},"content":{"rendered":"<p>SNKR &#8211; SLP05<\/p>\n<p class=\"product-title\">Nike Jordan 6<\/p>\n<p class=\"product-description\">Collage Num\u00e9rique<\/p>\n<p class=\"product-description\">Les sneakers les plus embl\u00e9matiques de leur g\u00e9n\u00e9ration. Je r\u00eavais de les porter dans les ann\u00e9es 90<\/p>\n<p>&nbsp;<\/p>\n<p class=\"product-description\">Carte 8,9&#215;6,4cm<\/p>\n","protected":false},"excerpt":{"rendered":"<p>SNKR &#8211; SLP05 Nike Jordan 6 Collage Num\u00e9rique Les sneakers les plus embl\u00e9matiques de leur g\u00e9n\u00e9ration. Je r\u00eavais de les porter dans les ann\u00e9es 90 &nbsp; Carte 8,9&#215;6,4cm<\/p>\n","protected":false},"featured_media":17982,"template":"","meta":{"_crdt_document":"","_uag_custom_page_level_css":"","_swt_meta_header_display":false,"_swt_meta_footer_display":false,"_swt_meta_site_title_display":false,"_swt_meta_sticky_header":false,"_swt_meta_transparent_header":false},"product_brand":[],"product_cat":[5100],"product_tag":[5141,5169,5167],"class_list":{"0":"post-17332","1":"product","2":"type-product","3":"status-publish","4":"has-post-thumbnail","6":"product_cat-cartes-sneakers","7":"product_tag-jordan","8":"product_tag-nike","9":"product_tag-sneakers","10":"product_shipping_class-cartes","12":"first","13":"instock","14":"shipping-taxable","15":"purchasable","16":"product-type-simple"},"uagb_featured_image_src":{"full":["https:\/\/www.iamslip.com\/wp-content\/uploads\/2025\/03\/SNKR_Jordan6.jpg",736,924,false],"thumbnail":["https:\/\/www.iamslip.com\/wp-content\/uploads\/2025\/03\/SNKR_Jordan6-150x150.jpg",150,150,true],"medium":["https:\/\/www.iamslip.com\/wp-content\/uploads\/2025\/03\/SNKR_Jordan6-239x300.jpg",239,300,true],"medium_large":["https:\/\/www.iamslip.com\/wp-content\/uploads\/2025\/03\/SNKR_Jordan6.jpg",736,924,false],"large":["https:\/\/www.iamslip.com\/wp-content\/uploads\/2025\/03\/SNKR_Jordan6.jpg",736,924,false],"1536x1536":["https:\/\/www.iamslip.com\/wp-content\/uploads\/2025\/03\/SNKR_Jordan6.jpg",736,924,false],"2048x2048":["https:\/\/www.iamslip.com\/wp-content\/uploads\/2025\/03\/SNKR_Jordan6.jpg",736,924,false],"woocommerce_thumbnail":["https:\/\/www.iamslip.com\/wp-content\/uploads\/2025\/03\/SNKR_Jordan6-300x300.jpg",300,300,true],"woocommerce_single":["https:\/\/www.iamslip.com\/wp-content\/uploads\/2025\/03\/SNKR_Jordan6-600x753.jpg",600,753,true],"woocommerce_gallery_thumbnail":["https:\/\/www.iamslip.com\/wp-content\/uploads\/2025\/03\/SNKR_Jordan6-100x100.jpg",100,100,true]},"uagb_author_info":{"display_name":"slip","author_link":"https:\/\/www.iamslip.com\/?author=0"},"uagb_comment_info":0,"uagb_excerpt":"SNKR &#8211; SLP05 Nike Jordan 6 Collage Num\u00e9rique Les sneakers les plus embl\u00e9matiques de leur g\u00e9n\u00e9ration. Je r\u00eavais de les porter dans les ann\u00e9es 90 &nbsp; Carte 8,9&#215;6,4cm","_links":{"self":[{"href":"https:\/\/www.iamslip.com\/index.php?rest_route=\/wp\/v2\/product\/17332","targetHints":{"allow":["GET"]}}],"collection":[{"href":"https:\/\/www.iamslip.com\/index.php?rest_route=\/wp\/v2\/product"}],"about":[{"href":"https:\/\/www.iamslip.com\/index.php?rest_route=\/wp\/v2\/types\/product"}],"wp:featuredmedia":[{"embeddable":true,"href":"https:\/\/www.iamslip.com\/index.php?rest_route=\/wp\/v2\/media\/17982"}],"wp:attachment":[{"href":"https:\/\/www.iamslip.com\/index.php?rest_route=%2Fwp%2Fv2%2Fmedia&parent=17332"}],"wp:term":[{"taxonomy":"product_brand","embeddable":true,"href":"https:\/\/www.iamslip.com\/index.php?rest_route=%2Fwp%2Fv2%2Fproduct_brand&post=17332"},{"taxonomy":"product_cat","embeddable":true,"href":"https:\/\/www.iamslip.com\/index.php?rest_route=%2Fwp%2Fv2%2Fproduct_cat&post=17332"},{"taxonomy":"product_tag","embeddable":true,"href":"https:\/\/www.iamslip.com\/index.php?rest_route=%2Fwp%2Fv2%2Fproduct_tag&post=17332"}],"curies":[{"name":"wp","href":"https:\/\/api.w.org\/{rel}","templated":true}]}}