{"id":17326,"date":"2025-03-10T09:07:34","date_gmt":"2025-03-10T08:07:34","guid":{"rendered":"https:\/\/www.iamslip.com\/?product=fila-hill-1"},"modified":"2025-10-01T08:04:06","modified_gmt":"2025-10-01T06:04:06","slug":"fila-hill-1","status":"publish","type":"product","link":"https:\/\/www.iamslip.com\/?product=fila-hill-1","title":{"rendered":"Fila Hill 1"},"content":{"rendered":"<p>SNKR &#8211; SLP11<\/p>\n<p class=\"product-title\">Fila Hill 1<\/p>\n<p class=\"product-description\">Collage Num\u00e9rique<\/p>\n<p class=\"product-description\">Un joueur iconique qui a relanc\u00e9 une marque au milieu des ann\u00e9es 90<\/p>\n<p>&nbsp;<\/p>\n<p class=\"product-description\">A Detroit comme ailleurs<\/p>\n<p>&nbsp;<\/p>\n<p class=\"product-description\">Carte 8,9&#215;6,4cm<\/p>\n","protected":false},"excerpt":{"rendered":"<p>SNKR &#8211; SLP11 Fila Hill 1 Collage Num\u00e9rique Un joueur iconique qui a relanc\u00e9 une marque au milieu des ann\u00e9es 90 &nbsp; A Detroit comme ailleurs &nbsp; Carte 8,9&#215;6,4cm<\/p>\n","protected":false},"featured_media":18127,"template":"","meta":{"_crdt_document":"","_uag_custom_page_level_css":"","_swt_meta_header_display":false,"_swt_meta_footer_display":false,"_swt_meta_site_title_display":false,"_swt_meta_sticky_header":false,"_swt_meta_transparent_header":false},"product_brand":[],"product_cat":[5100],"product_tag":[5180,5181,5182,5167],"class_list":{"0":"post-17326","1":"product","2":"type-product","3":"status-publish","4":"has-post-thumbnail","6":"product_cat-cartes-sneakers","7":"product_tag-fila","8":"product_tag-grant","9":"product_tag-hill","10":"product_tag-sneakers","11":"product_shipping_class-cartes","13":"first","14":"instock","15":"shipping-taxable","16":"purchasable","17":"product-type-simple"},"uagb_featured_image_src":{"full":["https:\/\/www.iamslip.com\/wp-content\/uploads\/2025\/03\/mockup_carte_slab-3.jpg",736,924,false],"thumbnail":["https:\/\/www.iamslip.com\/wp-content\/uploads\/2025\/03\/mockup_carte_slab-3-150x150.jpg",150,150,true],"medium":["https:\/\/www.iamslip.com\/wp-content\/uploads\/2025\/03\/mockup_carte_slab-3-239x300.jpg",239,300,true],"medium_large":["https:\/\/www.iamslip.com\/wp-content\/uploads\/2025\/03\/mockup_carte_slab-3.jpg",736,924,false],"large":["https:\/\/www.iamslip.com\/wp-content\/uploads\/2025\/03\/mockup_carte_slab-3.jpg",736,924,false],"1536x1536":["https:\/\/www.iamslip.com\/wp-content\/uploads\/2025\/03\/mockup_carte_slab-3.jpg",736,924,false],"2048x2048":["https:\/\/www.iamslip.com\/wp-content\/uploads\/2025\/03\/mockup_carte_slab-3.jpg",736,924,false],"woocommerce_thumbnail":["https:\/\/www.iamslip.com\/wp-content\/uploads\/2025\/03\/mockup_carte_slab-3-300x300.jpg",300,300,true],"woocommerce_single":["https:\/\/www.iamslip.com\/wp-content\/uploads\/2025\/03\/mockup_carte_slab-3-600x753.jpg",600,753,true],"woocommerce_gallery_thumbnail":["https:\/\/www.iamslip.com\/wp-content\/uploads\/2025\/03\/mockup_carte_slab-3-100x100.jpg",100,100,true]},"uagb_author_info":{"display_name":"slip","author_link":"https:\/\/www.iamslip.com\/?author=0"},"uagb_comment_info":0,"uagb_excerpt":"SNKR &#8211; SLP11 Fila Hill 1 Collage Num\u00e9rique Un joueur iconique qui a relanc\u00e9 une marque au milieu des ann\u00e9es 90 &nbsp; A Detroit comme ailleurs &nbsp; Carte 8,9&#215;6,4cm","_links":{"self":[{"href":"https:\/\/www.iamslip.com\/index.php?rest_route=\/wp\/v2\/product\/17326","targetHints":{"allow":["GET"]}}],"collection":[{"href":"https:\/\/www.iamslip.com\/index.php?rest_route=\/wp\/v2\/product"}],"about":[{"href":"https:\/\/www.iamslip.com\/index.php?rest_route=\/wp\/v2\/types\/product"}],"wp:featuredmedia":[{"embeddable":true,"href":"https:\/\/www.iamslip.com\/index.php?rest_route=\/wp\/v2\/media\/18127"}],"wp:attachment":[{"href":"https:\/\/www.iamslip.com\/index.php?rest_route=%2Fwp%2Fv2%2Fmedia&parent=17326"}],"wp:term":[{"taxonomy":"product_brand","embeddable":true,"href":"https:\/\/www.iamslip.com\/index.php?rest_route=%2Fwp%2Fv2%2Fproduct_brand&post=17326"},{"taxonomy":"product_cat","embeddable":true,"href":"https:\/\/www.iamslip.com\/index.php?rest_route=%2Fwp%2Fv2%2Fproduct_cat&post=17326"},{"taxonomy":"product_tag","embeddable":true,"href":"https:\/\/www.iamslip.com\/index.php?rest_route=%2Fwp%2Fv2%2Fproduct_tag&post=17326"}],"curies":[{"name":"wp","href":"https:\/\/api.w.org\/{rel}","templated":true}]}}