{"id":17324,"date":"2025-03-10T09:07:29","date_gmt":"2025-03-10T08:07:29","guid":{"rendered":"https:\/\/www.iamslip.com\/?product=kb8-crazy-97"},"modified":"2026-03-30T17:29:44","modified_gmt":"2026-03-30T15:29:44","slug":"kb8-crazy-97","status":"publish","type":"product","link":"https:\/\/www.iamslip.com\/?product=kb8-crazy-97","title":{"rendered":"KB8 Crazy 97"},"content":{"rendered":"<p>SNKR &#8211; SLP07<\/p>\n<p class=\"product-title\">KB8 Crazy 97<\/p>\n<p class=\"product-description\">Collage Num\u00e9rique<\/p>\n<p class=\"product-description\">L&rsquo;\u00e9l\u00e9gance r\u00e9tro et la l\u00e9gende intemporelle de Kobe Bryant pour ses premi\u00e8res signatures<\/p>\n<p>&nbsp;<\/p>\n<p class=\"product-description\">Carte 8,9&#215;6,4cm<\/p>\n","protected":false},"excerpt":{"rendered":"<p>SNKR &#8211; SLP07 KB8 Crazy 97 Collage Num\u00e9rique L&rsquo;\u00e9l\u00e9gance r\u00e9tro et la l\u00e9gende intemporelle de Kobe Bryant pour ses premi\u00e8res signatures &nbsp; Carte 8,9&#215;6,4cm<\/p>\n","protected":false},"featured_media":18129,"template":"","meta":{"_crdt_document":"","_uag_custom_page_level_css":"","_swt_meta_header_display":false,"_swt_meta_footer_display":false,"_swt_meta_site_title_display":false,"_swt_meta_sticky_header":false,"_swt_meta_transparent_header":false},"product_brand":[],"product_cat":[5100],"product_tag":[5178,5121,5167],"class_list":{"0":"post-17324","1":"product","2":"type-product","3":"status-publish","4":"has-post-thumbnail","6":"product_cat-cartes-sneakers","7":"product_tag-adidas","8":"product_tag-kobe","9":"product_tag-sneakers","10":"product_shipping_class-cartes","12":"first","13":"instock","14":"shipping-taxable","15":"purchasable","16":"product-type-simple"},"uagb_featured_image_src":{"full":["https:\/\/www.iamslip.com\/wp-content\/uploads\/2025\/03\/mockup_carte_slab-5.jpg",736,924,false],"thumbnail":["https:\/\/www.iamslip.com\/wp-content\/uploads\/2025\/03\/mockup_carte_slab-5-150x150.jpg",150,150,true],"medium":["https:\/\/www.iamslip.com\/wp-content\/uploads\/2025\/03\/mockup_carte_slab-5-239x300.jpg",239,300,true],"medium_large":["https:\/\/www.iamslip.com\/wp-content\/uploads\/2025\/03\/mockup_carte_slab-5.jpg",736,924,false],"large":["https:\/\/www.iamslip.com\/wp-content\/uploads\/2025\/03\/mockup_carte_slab-5.jpg",736,924,false],"1536x1536":["https:\/\/www.iamslip.com\/wp-content\/uploads\/2025\/03\/mockup_carte_slab-5.jpg",736,924,false],"2048x2048":["https:\/\/www.iamslip.com\/wp-content\/uploads\/2025\/03\/mockup_carte_slab-5.jpg",736,924,false],"woocommerce_thumbnail":["https:\/\/www.iamslip.com\/wp-content\/uploads\/2025\/03\/mockup_carte_slab-5-300x300.jpg",300,300,true],"woocommerce_single":["https:\/\/www.iamslip.com\/wp-content\/uploads\/2025\/03\/mockup_carte_slab-5-600x753.jpg",600,753,true],"woocommerce_gallery_thumbnail":["https:\/\/www.iamslip.com\/wp-content\/uploads\/2025\/03\/mockup_carte_slab-5-100x100.jpg",100,100,true]},"uagb_author_info":{"display_name":"slip","author_link":"https:\/\/www.iamslip.com\/?author=0"},"uagb_comment_info":0,"uagb_excerpt":"SNKR &#8211; SLP07 KB8 Crazy 97 Collage Num\u00e9rique L&rsquo;\u00e9l\u00e9gance r\u00e9tro et la l\u00e9gende intemporelle de Kobe Bryant pour ses premi\u00e8res signatures &nbsp; Carte 8,9&#215;6,4cm","_links":{"self":[{"href":"https:\/\/www.iamslip.com\/index.php?rest_route=\/wp\/v2\/product\/17324","targetHints":{"allow":["GET"]}}],"collection":[{"href":"https:\/\/www.iamslip.com\/index.php?rest_route=\/wp\/v2\/product"}],"about":[{"href":"https:\/\/www.iamslip.com\/index.php?rest_route=\/wp\/v2\/types\/product"}],"wp:featuredmedia":[{"embeddable":true,"href":"https:\/\/www.iamslip.com\/index.php?rest_route=\/wp\/v2\/media\/18129"}],"wp:attachment":[{"href":"https:\/\/www.iamslip.com\/index.php?rest_route=%2Fwp%2Fv2%2Fmedia&parent=17324"}],"wp:term":[{"taxonomy":"product_brand","embeddable":true,"href":"https:\/\/www.iamslip.com\/index.php?rest_route=%2Fwp%2Fv2%2Fproduct_brand&post=17324"},{"taxonomy":"product_cat","embeddable":true,"href":"https:\/\/www.iamslip.com\/index.php?rest_route=%2Fwp%2Fv2%2Fproduct_cat&post=17324"},{"taxonomy":"product_tag","embeddable":true,"href":"https:\/\/www.iamslip.com\/index.php?rest_route=%2Fwp%2Fv2%2Fproduct_tag&post=17324"}],"curies":[{"name":"wp","href":"https:\/\/api.w.org\/{rel}","templated":true}]}}