{"id":17323,"date":"2025-03-10T09:07:25","date_gmt":"2025-03-10T08:07:25","guid":{"rendered":"https:\/\/www.iamslip.com\/?product=une-saison-en-enfer"},"modified":"2025-12-20T17:21:16","modified_gmt":"2025-12-20T16:21:16","slug":"une-saison-en-enfer","status":"publish","type":"product","link":"https:\/\/www.iamslip.com\/?product=une-saison-en-enfer","title":{"rendered":"Une saison en enfer"},"content":{"rendered":"<h2>DD-SLP26<\/h2>\n<p data-start=\"246\" data-end=\"556\">De titulaire respect\u00e9 \u00e0 joueur oubli\u00e9\u2026 L\u2019aventure d\u2019<strong data-start=\"298\" data-end=\"315\">Evan Fournier<\/strong> chez les <strong data-start=\"325\" data-end=\"344\">New York Knicks<\/strong> s\u2019est transform\u00e9e en un v\u00e9ritable <strong data-start=\"379\" data-end=\"400\">cauchemar sportif<\/strong>. Apr\u00e8s une premi\u00e8re saison prometteuse, son r\u00f4le a peu \u00e0 peu d\u00e9clin\u00e9 jusqu\u2019\u00e0 \u00eatre rel\u00e9gu\u00e9 au bout du banc, priv\u00e9 de minutes pendant <strong data-start=\"533\" data-end=\"553\">toute une saison<\/strong>.<\/p>\n<p data-start=\"558\" data-end=\"729\">Avec la carte <strong data-start=\"572\" data-end=\"597\">\u00ab\u00a0Une Saison en Enfer\u00a0\u00bb<\/strong>, SLip illustre la frustration et la r\u00e9silience d\u2019un joueur talentueux, bloqu\u00e9 dans un syst\u00e8me qui ne lui a plus laiss\u00e9 sa chance.<\/p>\n<p data-start=\"731\" data-end=\"883\">\ud83d\udd39 <strong data-start=\"734\" data-end=\"746\">Format :<\/strong> 8,9 x 6,4 cm (style carte de collection)<br data-start=\"787\" data-end=\"790\" \/>\ud83d\udd39 <strong data-start=\"793\" data-end=\"824\">Impression de haute qualit\u00e9<\/strong><br data-start=\"824\" data-end=\"827\" \/>\ud83d\udd39 <strong data-start=\"830\" data-end=\"881\">Exp\u00e9dition prot\u00e9g\u00e9e (sleeve &amp; toploader inclus)<\/strong><\/p>\n<p data-start=\"885\" data-end=\"1002\" data-is-last-node=\"\" data-is-only-node=\"\">\ud83c\udfc0 <strong data-start=\"888\" data-end=\"999\">Une carte pour ceux qui savent que le basket, c\u2019est aussi des hauts et des bas\u2026 et que tout peut basculer !<\/strong> \ud83d\udd25<\/p>\n<p>&nbsp;<\/p>\n","protected":false},"excerpt":{"rendered":"<p>DD-SLP26 De titulaire respect\u00e9 \u00e0 joueur oubli\u00e9\u2026 L\u2019aventure d\u2019Evan Fournier chez les New York Knicks s\u2019est transform\u00e9e en un v\u00e9ritable cauchemar sportif. Apr\u00e8s une premi\u00e8re saison prometteuse, son r\u00f4le a peu \u00e0 peu d\u00e9clin\u00e9 jusqu\u2019\u00e0 \u00eatre rel\u00e9gu\u00e9 au bout du banc, priv\u00e9 de minutes pendant toute une saison. Avec la carte \u00ab\u00a0Une Saison en Enfer\u00a0\u00bb, [&hellip;]<\/p>\n","protected":false},"featured_media":17973,"template":"","meta":{"_crdt_document":"","_uag_custom_page_level_css":"","_swt_meta_header_display":false,"_swt_meta_footer_display":false,"_swt_meta_site_title_display":false,"_swt_meta_sticky_header":false,"_swt_meta_transparent_header":false},"product_brand":[],"product_cat":[5099],"product_tag":[5105,5193,5191,5190,5189,5192],"class_list":{"0":"post-17323","1":"product","2":"type-product","3":"status-publish","4":"has-post-thumbnail","6":"product_cat-cartes-double-double","7":"product_tag-doubledouble","8":"product_tag-enfer","9":"product_tag-evan","10":"product_tag-fournier","11":"product_tag-newyoork","12":"product_tag-saison","13":"product_shipping_class-cartes","15":"first","16":"instock","17":"shipping-taxable","18":"purchasable","19":"product-type-simple"},"uagb_featured_image_src":{"full":["https:\/\/www.iamslip.com\/wp-content\/uploads\/2025\/03\/DD_SaisonenEnfer.jpg",736,924,false],"thumbnail":["https:\/\/www.iamslip.com\/wp-content\/uploads\/2025\/03\/DD_SaisonenEnfer-150x150.jpg",150,150,true],"medium":["https:\/\/www.iamslip.com\/wp-content\/uploads\/2025\/03\/DD_SaisonenEnfer-239x300.jpg",239,300,true],"medium_large":["https:\/\/www.iamslip.com\/wp-content\/uploads\/2025\/03\/DD_SaisonenEnfer.jpg",736,924,false],"large":["https:\/\/www.iamslip.com\/wp-content\/uploads\/2025\/03\/DD_SaisonenEnfer.jpg",736,924,false],"1536x1536":["https:\/\/www.iamslip.com\/wp-content\/uploads\/2025\/03\/DD_SaisonenEnfer.jpg",736,924,false],"2048x2048":["https:\/\/www.iamslip.com\/wp-content\/uploads\/2025\/03\/DD_SaisonenEnfer.jpg",736,924,false],"woocommerce_thumbnail":["https:\/\/www.iamslip.com\/wp-content\/uploads\/2025\/03\/DD_SaisonenEnfer-300x300.jpg",300,300,true],"woocommerce_single":["https:\/\/www.iamslip.com\/wp-content\/uploads\/2025\/03\/DD_SaisonenEnfer-600x753.jpg",600,753,true],"woocommerce_gallery_thumbnail":["https:\/\/www.iamslip.com\/wp-content\/uploads\/2025\/03\/DD_SaisonenEnfer-100x100.jpg",100,100,true]},"uagb_author_info":{"display_name":"slip","author_link":"https:\/\/www.iamslip.com\/?author=0"},"uagb_comment_info":0,"uagb_excerpt":"DD-SLP26 De titulaire respect\u00e9 \u00e0 joueur oubli\u00e9\u2026 L\u2019aventure d\u2019Evan Fournier chez les New York Knicks s\u2019est transform\u00e9e en un v\u00e9ritable cauchemar sportif. Apr\u00e8s une premi\u00e8re saison prometteuse, son r\u00f4le a peu \u00e0 peu d\u00e9clin\u00e9 jusqu\u2019\u00e0 \u00eatre rel\u00e9gu\u00e9 au bout du banc, priv\u00e9 de minutes pendant toute une saison. Avec la carte \u00ab\u00a0Une Saison en Enfer\u00a0\u00bb,\u2026","_links":{"self":[{"href":"https:\/\/www.iamslip.com\/index.php?rest_route=\/wp\/v2\/product\/17323","targetHints":{"allow":["GET"]}}],"collection":[{"href":"https:\/\/www.iamslip.com\/index.php?rest_route=\/wp\/v2\/product"}],"about":[{"href":"https:\/\/www.iamslip.com\/index.php?rest_route=\/wp\/v2\/types\/product"}],"wp:featuredmedia":[{"embeddable":true,"href":"https:\/\/www.iamslip.com\/index.php?rest_route=\/wp\/v2\/media\/17973"}],"wp:attachment":[{"href":"https:\/\/www.iamslip.com\/index.php?rest_route=%2Fwp%2Fv2%2Fmedia&parent=17323"}],"wp:term":[{"taxonomy":"product_brand","embeddable":true,"href":"https:\/\/www.iamslip.com\/index.php?rest_route=%2Fwp%2Fv2%2Fproduct_brand&post=17323"},{"taxonomy":"product_cat","embeddable":true,"href":"https:\/\/www.iamslip.com\/index.php?rest_route=%2Fwp%2Fv2%2Fproduct_cat&post=17323"},{"taxonomy":"product_tag","embeddable":true,"href":"https:\/\/www.iamslip.com\/index.php?rest_route=%2Fwp%2Fv2%2Fproduct_tag&post=17323"}],"curies":[{"name":"wp","href":"https:\/\/api.w.org\/{rel}","templated":true}]}}