{"id":17322,"date":"2025-03-10T09:07:25","date_gmt":"2025-03-10T08:07:25","guid":{"rendered":"https:\/\/www.iamslip.com\/?product=le-francais-volant"},"modified":"2026-03-24T23:03:50","modified_gmt":"2026-03-24T22:03:50","slug":"le-francais-volant","status":"publish","type":"product","link":"https:\/\/www.iamslip.com\/?product=le-francais-volant","title":{"rendered":"Le Fran\u00e7ais Volant"},"content":{"rendered":"<h2>DD-SLP53<\/h2>\n<p data-start=\"242\" data-end=\"555\">Avant <strong data-start=\"248\" data-end=\"263\">Tony Parker<\/strong> et la vague des Fran\u00e7ais en NBA, <strong data-start=\"297\" data-end=\"316\">Herv\u00e9 Dubuisson<\/strong> \u00e9tait d\u00e9j\u00e0 une r\u00e9f\u00e9rence du basket europ\u00e9en. Scoreur \u00e9l\u00e9gant et athl\u00e9tique, il a domin\u00e9 les parquets dans les ann\u00e9es 80 au point d\u2019\u00eatre <strong data-start=\"453\" data-end=\"492\">invit\u00e9 aux Summer Camps NBA en 1984<\/strong>, une reconnaissance rare pour un joueur europ\u00e9en \u00e0 l\u2019\u00e9poque.<\/p>\n<p data-start=\"557\" data-end=\"712\">Avec la carte <strong data-start=\"571\" data-end=\"592\">\u00ab\u00a0Fran\u00e7ais Volant\u00a0\u00bb<\/strong>, SLip rend hommage \u00e0 l\u2019un des premiers tricolores \u00e0 avoir r\u00eav\u00e9 de la grande ligue et inspir\u00e9 les g\u00e9n\u00e9rations futures.<\/p>\n<p data-start=\"714\" data-end=\"866\">\ud83d\udd39 <strong data-start=\"717\" data-end=\"729\">Format :<\/strong> 8,9 x 6,4 cm (style carte de collection)<br data-start=\"770\" data-end=\"773\" \/>\ud83d\udd39 <strong data-start=\"776\" data-end=\"807\">Impression de haute qualit\u00e9<\/strong><br data-start=\"807\" data-end=\"810\" \/>\ud83d\udd39 <strong data-start=\"813\" data-end=\"864\">Exp\u00e9dition prot\u00e9g\u00e9e (sleeve &amp; toploader inclus)<\/strong><\/p>\n<p data-start=\"868\" data-end=\"950\" data-is-last-node=\"\" data-is-only-node=\"\">\ud83c\udfc0 <strong data-start=\"871\" data-end=\"943\">Un morceau d\u2019histoire du basket fran\u00e7ais \u00e0 ajouter \u00e0 ta collection !<\/strong> \ud83c\uddeb\ud83c\uddf7\ud83d\udd25<\/p>\n<p>&nbsp;<\/p>\n","protected":false},"excerpt":{"rendered":"<p>DD-SLP53 Avant Tony Parker et la vague des Fran\u00e7ais en NBA, Herv\u00e9 Dubuisson \u00e9tait d\u00e9j\u00e0 une r\u00e9f\u00e9rence du basket europ\u00e9en. Scoreur \u00e9l\u00e9gant et athl\u00e9tique, il a domin\u00e9 les parquets dans les ann\u00e9es 80 au point d\u2019\u00eatre invit\u00e9 aux Summer Camps NBA en 1984, une reconnaissance rare pour un joueur europ\u00e9en \u00e0 l\u2019\u00e9poque. Avec la carte [&hellip;]<\/p>\n","protected":false},"featured_media":17975,"template":"","meta":{"_crdt_document":"","_uag_custom_page_level_css":"","_swt_meta_header_display":false,"_swt_meta_footer_display":false,"_swt_meta_site_title_display":false,"_swt_meta_sticky_header":false,"_swt_meta_transparent_header":false},"product_brand":[],"product_cat":[5099],"product_tag":[5105,5196,5194,5188,5197,5195],"class_list":{"0":"post-17322","1":"product","2":"type-product","3":"status-publish","4":"has-post-thumbnail","6":"product_cat-cartes-double-double","7":"product_tag-doubledouble","8":"product_tag-dubuisson","9":"product_tag-francais","10":"product_tag-frenchie","11":"product_tag-herve","12":"product_tag-volant","13":"product_shipping_class-cartes","15":"first","16":"instock","17":"shipping-taxable","18":"purchasable","19":"product-type-simple"},"uagb_featured_image_src":{"full":["https:\/\/www.iamslip.com\/wp-content\/uploads\/2025\/03\/DD_FrancaisVolant.jpg",736,924,false],"thumbnail":["https:\/\/www.iamslip.com\/wp-content\/uploads\/2025\/03\/DD_FrancaisVolant-150x150.jpg",150,150,true],"medium":["https:\/\/www.iamslip.com\/wp-content\/uploads\/2025\/03\/DD_FrancaisVolant-239x300.jpg",239,300,true],"medium_large":["https:\/\/www.iamslip.com\/wp-content\/uploads\/2025\/03\/DD_FrancaisVolant.jpg",736,924,false],"large":["https:\/\/www.iamslip.com\/wp-content\/uploads\/2025\/03\/DD_FrancaisVolant.jpg",736,924,false],"1536x1536":["https:\/\/www.iamslip.com\/wp-content\/uploads\/2025\/03\/DD_FrancaisVolant.jpg",736,924,false],"2048x2048":["https:\/\/www.iamslip.com\/wp-content\/uploads\/2025\/03\/DD_FrancaisVolant.jpg",736,924,false],"woocommerce_thumbnail":["https:\/\/www.iamslip.com\/wp-content\/uploads\/2025\/03\/DD_FrancaisVolant-300x300.jpg",300,300,true],"woocommerce_single":["https:\/\/www.iamslip.com\/wp-content\/uploads\/2025\/03\/DD_FrancaisVolant-600x753.jpg",600,753,true],"woocommerce_gallery_thumbnail":["https:\/\/www.iamslip.com\/wp-content\/uploads\/2025\/03\/DD_FrancaisVolant-100x100.jpg",100,100,true]},"uagb_author_info":{"display_name":"slip","author_link":"https:\/\/www.iamslip.com\/?author=0"},"uagb_comment_info":0,"uagb_excerpt":"DD-SLP53 Avant Tony Parker et la vague des Fran\u00e7ais en NBA, Herv\u00e9 Dubuisson \u00e9tait d\u00e9j\u00e0 une r\u00e9f\u00e9rence du basket europ\u00e9en. Scoreur \u00e9l\u00e9gant et athl\u00e9tique, il a domin\u00e9 les parquets dans les ann\u00e9es 80 au point d\u2019\u00eatre invit\u00e9 aux Summer Camps NBA en 1984, une reconnaissance rare pour un joueur europ\u00e9en \u00e0 l\u2019\u00e9poque. Avec la carte\u2026","_links":{"self":[{"href":"https:\/\/www.iamslip.com\/index.php?rest_route=\/wp\/v2\/product\/17322","targetHints":{"allow":["GET"]}}],"collection":[{"href":"https:\/\/www.iamslip.com\/index.php?rest_route=\/wp\/v2\/product"}],"about":[{"href":"https:\/\/www.iamslip.com\/index.php?rest_route=\/wp\/v2\/types\/product"}],"wp:featuredmedia":[{"embeddable":true,"href":"https:\/\/www.iamslip.com\/index.php?rest_route=\/wp\/v2\/media\/17975"}],"wp:attachment":[{"href":"https:\/\/www.iamslip.com\/index.php?rest_route=%2Fwp%2Fv2%2Fmedia&parent=17322"}],"wp:term":[{"taxonomy":"product_brand","embeddable":true,"href":"https:\/\/www.iamslip.com\/index.php?rest_route=%2Fwp%2Fv2%2Fproduct_brand&post=17322"},{"taxonomy":"product_cat","embeddable":true,"href":"https:\/\/www.iamslip.com\/index.php?rest_route=%2Fwp%2Fv2%2Fproduct_cat&post=17322"},{"taxonomy":"product_tag","embeddable":true,"href":"https:\/\/www.iamslip.com\/index.php?rest_route=%2Fwp%2Fv2%2Fproduct_tag&post=17322"}],"curies":[{"name":"wp","href":"https:\/\/api.w.org\/{rel}","templated":true}]}}