{"id":17321,"date":"2025-03-10T09:07:25","date_gmt":"2025-03-10T08:07:25","guid":{"rendered":"https:\/\/www.iamslip.com\/?product=duo-de-geants"},"modified":"2026-03-24T23:03:50","modified_gmt":"2026-03-24T22:03:50","slug":"duo-de-geants","status":"publish","type":"product","link":"https:\/\/www.iamslip.com\/?product=duo-de-geants","title":{"rendered":"Duo de G\u00e9ants"},"content":{"rendered":"<h2>DD-SLP41<\/h2>\n<p data-start=\"225\" data-end=\"510\">Deux ph\u00e9nom\u00e8nes, un destin commun : <strong data-start=\"261\" data-end=\"279\">dominer la NBA<\/strong>. Avec leur taille d\u00e9mesur\u00e9e, leur mobilit\u00e9 exceptionnelle et leur polyvalence unique, <strong data-start=\"366\" data-end=\"387\">Victor Wembanyama<\/strong> et <strong data-start=\"391\" data-end=\"408\">Chet Holmgren<\/strong> sont appel\u00e9s \u00e0 <strong data-start=\"424\" data-end=\"448\">r\u00e9volutionner le jeu<\/strong> et imposer leur r\u00e8gne sur la ligue dans les ann\u00e9es \u00e0 venir.<\/p>\n<p data-start=\"512\" data-end=\"703\">La carte <strong data-start=\"521\" data-end=\"538\">\u00ab\u00a0Duo de G\u00e9ants\u00a0\u00bb<\/strong> capture ce <strong data-start=\"550\" data-end=\"570\">moment charni\u00e8re<\/strong>, o\u00f9 deux jeunes prodiges s\u2019appr\u00eatent \u00e0 marquer l\u2019histoire du basket. Une \u0153uvre sign\u00e9e SLip, pour les collectionneurs visionnaires.<\/p>\n<p data-start=\"705\" data-end=\"857\">\ud83d\udd39 <strong data-start=\"708\" data-end=\"720\">Format :<\/strong> 8,9 x 6,4 cm (style carte de collection)<br data-start=\"761\" data-end=\"764\" \/>\ud83d\udd39 <strong data-start=\"767\" data-end=\"798\">Impression de haute qualit\u00e9<\/strong><br data-start=\"798\" data-end=\"801\" \/>\ud83d\udd39 <strong data-start=\"804\" data-end=\"855\">Exp\u00e9dition prot\u00e9g\u00e9e (sleeve &amp; toploader inclus)<\/strong><\/p>\n<p data-start=\"859\" data-end=\"976\" data-is-last-node=\"\" data-is-only-node=\"\">\ud83c\udfc0 <strong data-start=\"862\" data-end=\"971\">Une carte \u00e0 conserver pr\u00e9cieusement\u2026 avant que ces deux-l\u00e0 ne deviennent les nouveaux visages de la NBA !<\/strong> \ud83d\udc51\ud83d\udd25<\/p>\n<p>&nbsp;<\/p>\n","protected":false},"excerpt":{"rendered":"<p>DD-SLP41 Deux ph\u00e9nom\u00e8nes, un destin commun : dominer la NBA. Avec leur taille d\u00e9mesur\u00e9e, leur mobilit\u00e9 exceptionnelle et leur polyvalence unique, Victor Wembanyama et Chet Holmgren sont appel\u00e9s \u00e0 r\u00e9volutionner le jeu et imposer leur r\u00e8gne sur la ligue dans les ann\u00e9es \u00e0 venir. La carte \u00ab\u00a0Duo de G\u00e9ants\u00a0\u00bb capture ce moment charni\u00e8re, o\u00f9 deux [&hellip;]<\/p>\n","protected":false},"featured_media":17974,"template":"","meta":{"_crdt_document":"","_uag_custom_page_level_css":"","_swt_meta_header_display":false,"_swt_meta_footer_display":false,"_swt_meta_site_title_display":false,"_swt_meta_sticky_header":false,"_swt_meta_transparent_header":false},"product_brand":[],"product_cat":[5099],"product_tag":[5186,5105,5124,5188,5183,5187,5127,5185,5184],"class_list":{"0":"post-17321","1":"product","2":"type-product","3":"status-publish","4":"has-post-thumbnail","6":"product_cat-cartes-double-double","7":"product_tag-chet","8":"product_tag-doubledouble","9":"product_tag-duo","10":"product_tag-frenchie","11":"product_tag-geant","12":"product_tag-holmgren","13":"product_tag-spurs","14":"product_tag-wembanyama","15":"product_tag-wemby","16":"product_shipping_class-cartes","18":"first","19":"instock","20":"shipping-taxable","21":"purchasable","22":"product-type-simple"},"uagb_featured_image_src":{"full":["https:\/\/www.iamslip.com\/wp-content\/uploads\/2025\/03\/DD_DuoGeants.jpg",736,924,false],"thumbnail":["https:\/\/www.iamslip.com\/wp-content\/uploads\/2025\/03\/DD_DuoGeants-150x150.jpg",150,150,true],"medium":["https:\/\/www.iamslip.com\/wp-content\/uploads\/2025\/03\/DD_DuoGeants-239x300.jpg",239,300,true],"medium_large":["https:\/\/www.iamslip.com\/wp-content\/uploads\/2025\/03\/DD_DuoGeants.jpg",736,924,false],"large":["https:\/\/www.iamslip.com\/wp-content\/uploads\/2025\/03\/DD_DuoGeants.jpg",736,924,false],"1536x1536":["https:\/\/www.iamslip.com\/wp-content\/uploads\/2025\/03\/DD_DuoGeants.jpg",736,924,false],"2048x2048":["https:\/\/www.iamslip.com\/wp-content\/uploads\/2025\/03\/DD_DuoGeants.jpg",736,924,false],"woocommerce_thumbnail":["https:\/\/www.iamslip.com\/wp-content\/uploads\/2025\/03\/DD_DuoGeants-300x300.jpg",300,300,true],"woocommerce_single":["https:\/\/www.iamslip.com\/wp-content\/uploads\/2025\/03\/DD_DuoGeants-600x753.jpg",600,753,true],"woocommerce_gallery_thumbnail":["https:\/\/www.iamslip.com\/wp-content\/uploads\/2025\/03\/DD_DuoGeants-100x100.jpg",100,100,true]},"uagb_author_info":{"display_name":"slip","author_link":"https:\/\/www.iamslip.com\/?author=0"},"uagb_comment_info":0,"uagb_excerpt":"DD-SLP41 Deux ph\u00e9nom\u00e8nes, un destin commun : dominer la NBA. Avec leur taille d\u00e9mesur\u00e9e, leur mobilit\u00e9 exceptionnelle et leur polyvalence unique, Victor Wembanyama et Chet Holmgren sont appel\u00e9s \u00e0 r\u00e9volutionner le jeu et imposer leur r\u00e8gne sur la ligue dans les ann\u00e9es \u00e0 venir. La carte \u00ab\u00a0Duo de G\u00e9ants\u00a0\u00bb capture ce moment charni\u00e8re, o\u00f9 deux\u2026","_links":{"self":[{"href":"https:\/\/www.iamslip.com\/index.php?rest_route=\/wp\/v2\/product\/17321","targetHints":{"allow":["GET"]}}],"collection":[{"href":"https:\/\/www.iamslip.com\/index.php?rest_route=\/wp\/v2\/product"}],"about":[{"href":"https:\/\/www.iamslip.com\/index.php?rest_route=\/wp\/v2\/types\/product"}],"wp:featuredmedia":[{"embeddable":true,"href":"https:\/\/www.iamslip.com\/index.php?rest_route=\/wp\/v2\/media\/17974"}],"wp:attachment":[{"href":"https:\/\/www.iamslip.com\/index.php?rest_route=%2Fwp%2Fv2%2Fmedia&parent=17321"}],"wp:term":[{"taxonomy":"product_brand","embeddable":true,"href":"https:\/\/www.iamslip.com\/index.php?rest_route=%2Fwp%2Fv2%2Fproduct_brand&post=17321"},{"taxonomy":"product_cat","embeddable":true,"href":"https:\/\/www.iamslip.com\/index.php?rest_route=%2Fwp%2Fv2%2Fproduct_cat&post=17321"},{"taxonomy":"product_tag","embeddable":true,"href":"https:\/\/www.iamslip.com\/index.php?rest_route=%2Fwp%2Fv2%2Fproduct_tag&post=17321"}],"curies":[{"name":"wp","href":"https:\/\/api.w.org\/{rel}","templated":true}]}}