{"id":17320,"date":"2025-03-10T09:07:24","date_gmt":"2025-03-10T08:07:24","guid":{"rendered":"https:\/\/www.iamslip.com\/?product=une-trop-grande-bouche"},"modified":"2026-03-24T23:03:50","modified_gmt":"2026-03-24T22:03:50","slug":"une-trop-grande-bouche","status":"publish","type":"product","link":"https:\/\/www.iamslip.com\/?product=une-trop-grande-bouche","title":{"rendered":"Une trop grande Bouche"},"content":{"rendered":"<h2>Une Trop Grande Bouche<\/h2>\n<p data-start=\"239\" data-end=\"485\"><strong data-start=\"239\" data-end=\"255\">Jimmy Butler<\/strong> n\u2019a jamais eu sa langue dans sa poche. Leader vocal et comp\u00e9titeur acharn\u00e9, il n\u2019a pas h\u00e9sit\u00e9 \u00e0 <strong data-start=\"352\" data-end=\"377\">s\u2019opposer \u00e0 Pat Riley<\/strong>, le l\u00e9gendaire pr\u00e9sident du <strong data-start=\"406\" data-end=\"420\">Miami Heat<\/strong>, qui lui reprochait d\u2019avoir <strong data-start=\"449\" data-end=\"482\">trop parl\u00e9 et trop revendiqu\u00e9<\/strong>.<\/p>\n<p data-start=\"487\" data-end=\"680\">Toujours pr\u00eat \u00e0 d\u00e9fendre ses convictions, <strong data-start=\"529\" data-end=\"546\">Jimmy Buckets<\/strong> a transform\u00e9 la critique en <strong data-start=\"575\" data-end=\"588\">carburant<\/strong>, prouvant sur le terrain que son <strong data-start=\"622\" data-end=\"648\">\u00e9tat d\u2019esprit guerrier<\/strong> faisait de lui l\u2019\u00e2me du Heat.<\/p>\n<p data-start=\"682\" data-end=\"853\">Avec la carte <strong data-start=\"696\" data-end=\"724\">\u00ab\u00a0Une Trop Grande Bouche\u00a0\u00bb<\/strong>, SLip illustre cette tension, symbole du caract\u00e8re unique de Butler et de sa d\u00e9termination \u00e0 toujours r\u00e9pondre sur le parquet.<\/p>\n<p data-start=\"855\" data-end=\"1007\">\ud83d\udd39 <strong data-start=\"858\" data-end=\"870\">Format :<\/strong> 8,9 x 6,4 cm (style carte de collection)<br data-start=\"911\" data-end=\"914\" \/>\ud83d\udd39 <strong data-start=\"917\" data-end=\"948\">Impression de haute qualit\u00e9<\/strong><br data-start=\"948\" data-end=\"951\" \/>\ud83d\udd39 <strong data-start=\"954\" data-end=\"1005\">Exp\u00e9dition prot\u00e9g\u00e9e (sleeve &amp; toploader inclus)<\/strong><\/p>\n<p data-start=\"1009\" data-end=\"1118\" data-is-last-node=\"\" data-is-only-node=\"\">\ud83c\udfc0 <strong data-start=\"1012\" data-end=\"1113\">Une carte pour ceux qui savent que parler, c\u2019est bien\u2026 mais r\u00e9pondre par les actes, c\u2019est mieux !<\/strong> \ud83d\udd25\ud83d\ude24<\/p>\n","protected":false},"excerpt":{"rendered":"<p>Une Trop Grande Bouche Jimmy Butler n\u2019a jamais eu sa langue dans sa poche. Leader vocal et comp\u00e9titeur acharn\u00e9, il n\u2019a pas h\u00e9sit\u00e9 \u00e0 s\u2019opposer \u00e0 Pat Riley, le l\u00e9gendaire pr\u00e9sident du Miami Heat, qui lui reprochait d\u2019avoir trop parl\u00e9 et trop revendiqu\u00e9. Toujours pr\u00eat \u00e0 d\u00e9fendre ses convictions, Jimmy Buckets a transform\u00e9 la critique [&hellip;]<\/p>\n","protected":false},"featured_media":18071,"template":"","meta":{"_crdt_document":"","_uag_custom_page_level_css":"","_swt_meta_header_display":false,"_swt_meta_footer_display":false,"_swt_meta_site_title_display":false,"_swt_meta_sticky_header":false,"_swt_meta_transparent_header":false},"product_brand":[],"product_cat":[5099],"product_tag":[5199,5105,5198,5200],"class_list":{"0":"post-17320","1":"product","2":"type-product","3":"status-publish","4":"has-post-thumbnail","6":"product_cat-cartes-double-double","7":"product_tag-butler","8":"product_tag-doubledouble","9":"product_tag-jimmy","10":"product_tag-miami","11":"product_shipping_class-cartes","13":"first","14":"instock","15":"shipping-taxable","16":"purchasable","17":"product-type-simple"},"uagb_featured_image_src":{"full":["https:\/\/www.iamslip.com\/wp-content\/uploads\/2025\/03\/mockup_carte_slab2.jpg",736,924,false],"thumbnail":["https:\/\/www.iamslip.com\/wp-content\/uploads\/2025\/03\/mockup_carte_slab2-150x150.jpg",150,150,true],"medium":["https:\/\/www.iamslip.com\/wp-content\/uploads\/2025\/03\/mockup_carte_slab2-239x300.jpg",239,300,true],"medium_large":["https:\/\/www.iamslip.com\/wp-content\/uploads\/2025\/03\/mockup_carte_slab2.jpg",736,924,false],"large":["https:\/\/www.iamslip.com\/wp-content\/uploads\/2025\/03\/mockup_carte_slab2.jpg",736,924,false],"1536x1536":["https:\/\/www.iamslip.com\/wp-content\/uploads\/2025\/03\/mockup_carte_slab2.jpg",736,924,false],"2048x2048":["https:\/\/www.iamslip.com\/wp-content\/uploads\/2025\/03\/mockup_carte_slab2.jpg",736,924,false],"woocommerce_thumbnail":["https:\/\/www.iamslip.com\/wp-content\/uploads\/2025\/03\/mockup_carte_slab2-300x300.jpg",300,300,true],"woocommerce_single":["https:\/\/www.iamslip.com\/wp-content\/uploads\/2025\/03\/mockup_carte_slab2-600x753.jpg",600,753,true],"woocommerce_gallery_thumbnail":["https:\/\/www.iamslip.com\/wp-content\/uploads\/2025\/03\/mockup_carte_slab2-100x100.jpg",100,100,true]},"uagb_author_info":{"display_name":"slip","author_link":"https:\/\/www.iamslip.com\/?author=0"},"uagb_comment_info":0,"uagb_excerpt":"Une Trop Grande Bouche Jimmy Butler n\u2019a jamais eu sa langue dans sa poche. Leader vocal et comp\u00e9titeur acharn\u00e9, il n\u2019a pas h\u00e9sit\u00e9 \u00e0 s\u2019opposer \u00e0 Pat Riley, le l\u00e9gendaire pr\u00e9sident du Miami Heat, qui lui reprochait d\u2019avoir trop parl\u00e9 et trop revendiqu\u00e9. Toujours pr\u00eat \u00e0 d\u00e9fendre ses convictions, Jimmy Buckets a transform\u00e9 la critique\u2026","_links":{"self":[{"href":"https:\/\/www.iamslip.com\/index.php?rest_route=\/wp\/v2\/product\/17320","targetHints":{"allow":["GET"]}}],"collection":[{"href":"https:\/\/www.iamslip.com\/index.php?rest_route=\/wp\/v2\/product"}],"about":[{"href":"https:\/\/www.iamslip.com\/index.php?rest_route=\/wp\/v2\/types\/product"}],"wp:featuredmedia":[{"embeddable":true,"href":"https:\/\/www.iamslip.com\/index.php?rest_route=\/wp\/v2\/media\/18071"}],"wp:attachment":[{"href":"https:\/\/www.iamslip.com\/index.php?rest_route=%2Fwp%2Fv2%2Fmedia&parent=17320"}],"wp:term":[{"taxonomy":"product_brand","embeddable":true,"href":"https:\/\/www.iamslip.com\/index.php?rest_route=%2Fwp%2Fv2%2Fproduct_brand&post=17320"},{"taxonomy":"product_cat","embeddable":true,"href":"https:\/\/www.iamslip.com\/index.php?rest_route=%2Fwp%2Fv2%2Fproduct_cat&post=17320"},{"taxonomy":"product_tag","embeddable":true,"href":"https:\/\/www.iamslip.com\/index.php?rest_route=%2Fwp%2Fv2%2Fproduct_tag&post=17320"}],"curies":[{"name":"wp","href":"https:\/\/api.w.org\/{rel}","templated":true}]}}