{"id":17318,"date":"2025-03-10T09:07:24","date_gmt":"2025-03-10T08:07:24","guid":{"rendered":"https:\/\/www.iamslip.com\/?product=dribble-dans-le-dos"},"modified":"2026-03-24T23:03:50","modified_gmt":"2026-03-24T22:03:50","slug":"dribble-dans-le-dos","status":"publish","type":"product","link":"https:\/\/www.iamslip.com\/?product=dribble-dans-le-dos","title":{"rendered":"Dribble dans le dos"},"content":{"rendered":"<h2>DD-SLP44<\/h2>\n<h3 class=\"product-title\">Dribble dans le dos<\/h3>\n<p data-start=\"244\" data-end=\"554\">Quand <strong data-start=\"250\" data-end=\"286\">Jason \u00ab\u00a0White Chocolate\u00a0\u00bb Williams<\/strong> entrait sur le parquet, le spectacle \u00e9tait garanti. Meneur impr\u00e9visible, il a marqu\u00e9 la NBA avec son <strong data-start=\"388\" data-end=\"433\">style flashy et sa cr\u00e9ativit\u00e9 sans limite<\/strong>. Entre <strong data-start=\"441\" data-end=\"509\">passes aveugles, crossovers d\u00e9vastateurs et dribbles dans le dos<\/strong>, il r\u00e9inventait le basket \u00e0 chaque action.<\/p>\n<p data-start=\"556\" data-end=\"734\">La carte <strong data-start=\"565\" data-end=\"590\">\u00ab\u00a0Dribble dans le Dos\u00a0\u00bb<\/strong> rend hommage \u00e0 son <strong data-start=\"610\" data-end=\"655\">g\u00e9nie du jeu et \u00e0 son instinct de showman<\/strong>, qui ont fait de lui l\u2019un des joueurs les plus spectaculaires de son \u00e9poque.<\/p>\n<p data-start=\"736\" data-end=\"888\">\ud83d\udd39 <strong data-start=\"739\" data-end=\"751\">Format :<\/strong> 8,9 x 6,4 cm (style carte de collection)<br data-start=\"792\" data-end=\"795\" \/>\ud83d\udd39 <strong data-start=\"798\" data-end=\"829\">Impression de haute qualit\u00e9<\/strong><br data-start=\"829\" data-end=\"832\" \/>\ud83d\udd39 <strong data-start=\"835\" data-end=\"886\">Exp\u00e9dition prot\u00e9g\u00e9e (sleeve &amp; toploader inclus)<\/strong><\/p>\n<p data-start=\"890\" data-end=\"980\" data-is-last-node=\"\" data-is-only-node=\"\">\ud83c\udfc0 <strong data-start=\"893\" data-end=\"976\">Une carte incontournable pour les amoureux du beau jeu et du basket-spectacle !<\/strong> \ud83d\udd25\u2728<\/p>\n<p>&nbsp;<\/p>\n","protected":false},"excerpt":{"rendered":"<p>DD-SLP44 Dribble dans le dos Quand Jason \u00ab\u00a0White Chocolate\u00a0\u00bb Williams entrait sur le parquet, le spectacle \u00e9tait garanti. Meneur impr\u00e9visible, il a marqu\u00e9 la NBA avec son style flashy et sa cr\u00e9ativit\u00e9 sans limite. Entre passes aveugles, crossovers d\u00e9vastateurs et dribbles dans le dos, il r\u00e9inventait le basket \u00e0 chaque action. La carte \u00ab\u00a0Dribble dans [&hellip;]<\/p>\n","protected":false},"featured_media":18068,"template":"","meta":{"_crdt_document":"","_uag_custom_page_level_css":"","_swt_meta_header_display":false,"_swt_meta_footer_display":false,"_swt_meta_site_title_display":false,"_swt_meta_sticky_header":false,"_swt_meta_transparent_header":false},"product_brand":[],"product_cat":[5099],"product_tag":[5105,5106,5110,5108,5109,5107],"class_list":{"0":"post-17318","1":"product","2":"type-product","3":"status-publish","4":"has-post-thumbnail","6":"product_cat-cartes-double-double","7":"product_tag-doubledouble","8":"product_tag-jason","9":"product_tag-kings","10":"product_tag-passe","11":"product_tag-sacramento","12":"product_tag-williams","13":"product_shipping_class-cartes","15":"first","16":"instock","17":"shipping-taxable","18":"purchasable","19":"product-type-simple"},"uagb_featured_image_src":{"full":["https:\/\/www.iamslip.com\/wp-content\/uploads\/2025\/03\/mockup_carte_slab.jpg",736,924,false],"thumbnail":["https:\/\/www.iamslip.com\/wp-content\/uploads\/2025\/03\/mockup_carte_slab-150x150.jpg",150,150,true],"medium":["https:\/\/www.iamslip.com\/wp-content\/uploads\/2025\/03\/mockup_carte_slab-239x300.jpg",239,300,true],"medium_large":["https:\/\/www.iamslip.com\/wp-content\/uploads\/2025\/03\/mockup_carte_slab.jpg",736,924,false],"large":["https:\/\/www.iamslip.com\/wp-content\/uploads\/2025\/03\/mockup_carte_slab.jpg",736,924,false],"1536x1536":["https:\/\/www.iamslip.com\/wp-content\/uploads\/2025\/03\/mockup_carte_slab.jpg",736,924,false],"2048x2048":["https:\/\/www.iamslip.com\/wp-content\/uploads\/2025\/03\/mockup_carte_slab.jpg",736,924,false],"woocommerce_thumbnail":["https:\/\/www.iamslip.com\/wp-content\/uploads\/2025\/03\/mockup_carte_slab-300x300.jpg",300,300,true],"woocommerce_single":["https:\/\/www.iamslip.com\/wp-content\/uploads\/2025\/03\/mockup_carte_slab-600x753.jpg",600,753,true],"woocommerce_gallery_thumbnail":["https:\/\/www.iamslip.com\/wp-content\/uploads\/2025\/03\/mockup_carte_slab-100x100.jpg",100,100,true]},"uagb_author_info":{"display_name":"slip","author_link":"https:\/\/www.iamslip.com\/?author=0"},"uagb_comment_info":0,"uagb_excerpt":"DD-SLP44 Dribble dans le dos Quand Jason \u00ab\u00a0White Chocolate\u00a0\u00bb Williams entrait sur le parquet, le spectacle \u00e9tait garanti. Meneur impr\u00e9visible, il a marqu\u00e9 la NBA avec son style flashy et sa cr\u00e9ativit\u00e9 sans limite. Entre passes aveugles, crossovers d\u00e9vastateurs et dribbles dans le dos, il r\u00e9inventait le basket \u00e0 chaque action. La carte \u00ab\u00a0Dribble dans\u2026","_links":{"self":[{"href":"https:\/\/www.iamslip.com\/index.php?rest_route=\/wp\/v2\/product\/17318","targetHints":{"allow":["GET"]}}],"collection":[{"href":"https:\/\/www.iamslip.com\/index.php?rest_route=\/wp\/v2\/product"}],"about":[{"href":"https:\/\/www.iamslip.com\/index.php?rest_route=\/wp\/v2\/types\/product"}],"wp:featuredmedia":[{"embeddable":true,"href":"https:\/\/www.iamslip.com\/index.php?rest_route=\/wp\/v2\/media\/18068"}],"wp:attachment":[{"href":"https:\/\/www.iamslip.com\/index.php?rest_route=%2Fwp%2Fv2%2Fmedia&parent=17318"}],"wp:term":[{"taxonomy":"product_brand","embeddable":true,"href":"https:\/\/www.iamslip.com\/index.php?rest_route=%2Fwp%2Fv2%2Fproduct_brand&post=17318"},{"taxonomy":"product_cat","embeddable":true,"href":"https:\/\/www.iamslip.com\/index.php?rest_route=%2Fwp%2Fv2%2Fproduct_cat&post=17318"},{"taxonomy":"product_tag","embeddable":true,"href":"https:\/\/www.iamslip.com\/index.php?rest_route=%2Fwp%2Fv2%2Fproduct_tag&post=17318"}],"curies":[{"name":"wp","href":"https:\/\/api.w.org\/{rel}","templated":true}]}}