{"id":17316,"date":"2025-03-10T09:07:24","date_gmt":"2025-03-10T08:07:24","guid":{"rendered":"https:\/\/www.iamslip.com\/?product=dame-time"},"modified":"2025-12-05T12:07:34","modified_gmt":"2025-12-05T11:07:34","slug":"dame-time","status":"publish","type":"product","link":"https:\/\/www.iamslip.com\/?product=dame-time","title":{"rendered":"Dame Time"},"content":{"rendered":"<h2>DD-SLP59<\/h2>\n<p data-start=\"230\" data-end=\"495\">Quand il reste quelques secondes \u00e0 l\u2019horloge et que tout repose sur un dernier tir, <strong data-start=\"314\" data-end=\"332\">Damian Lillard<\/strong> ne tremble jamais. Son sang-froid, sa pr\u00e9cision chirurgicale et son mental d\u2019acier ont fait de lui l\u2019un des joueurs les plus <strong data-start=\"458\" data-end=\"492\">clutch de l\u2019histoire de la NBA<\/strong>.<\/p>\n<p data-start=\"497\" data-end=\"729\">La carte <strong data-start=\"506\" data-end=\"521\">\u00ab\u00a0Dame Time\u00a0\u00bb<\/strong> c\u00e9l\u00e8bre ces moments o\u00f9 <strong data-start=\"545\" data-end=\"620\">Lillard glace la d\u00e9fense, recule d\u2019un pas\u2026 et envoie un dagger assassin<\/strong>. Des playoffs aux buzzer-beaters inoubliables, il a \u00e9crit son propre mythe, poignet lev\u00e9 en guise d\u2019adieu.<\/p>\n<p data-start=\"731\" data-end=\"883\">\ud83d\udd39 <strong data-start=\"734\" data-end=\"746\">Format :<\/strong> 8,9 x 6,4 cm (style carte de collection)<br data-start=\"787\" data-end=\"790\" \/>\ud83d\udd39 <strong data-start=\"793\" data-end=\"824\">Impression de haute qualit\u00e9<\/strong><br data-start=\"824\" data-end=\"827\" \/>\ud83d\udd39 <strong data-start=\"830\" data-end=\"881\">Exp\u00e9dition prot\u00e9g\u00e9e (sleeve &amp; toploader inclus)<\/strong><\/p>\n<p data-start=\"885\" data-end=\"984\" data-is-last-node=\"\" data-is-only-node=\"\">\ud83c\udfc0 <strong data-start=\"888\" data-end=\"984\" data-is-last-node=\"\">Une carte iconique pour tous ceux qui savent que, quand l\u2019heure tourne\u2026 c\u2019est Dame Time. \u231a\ud83d\udd25<\/strong><\/p>\n<p>&nbsp;<\/p>\n","protected":false},"excerpt":{"rendered":"<p>DD-SLP59 Quand il reste quelques secondes \u00e0 l\u2019horloge et que tout repose sur un dernier tir, Damian Lillard ne tremble jamais. Son sang-froid, sa pr\u00e9cision chirurgicale et son mental d\u2019acier ont fait de lui l\u2019un des joueurs les plus clutch de l\u2019histoire de la NBA. La carte \u00ab\u00a0Dame Time\u00a0\u00bb c\u00e9l\u00e8bre ces moments o\u00f9 Lillard glace [&hellip;]<\/p>\n","protected":false},"featured_media":17981,"template":"","meta":{"_crdt_document":"","_uag_custom_page_level_css":"","_swt_meta_header_display":false,"_swt_meta_footer_display":false,"_swt_meta_site_title_display":false,"_swt_meta_sticky_header":false,"_swt_meta_transparent_header":false},"product_brand":[],"product_cat":[5099],"product_tag":[5118,5105,5116,5117],"class_list":{"0":"post-17316","1":"product","2":"type-product","3":"status-publish","4":"has-post-thumbnail","6":"product_cat-cartes-double-double","7":"product_tag-blazers","8":"product_tag-doubledouble","9":"product_tag-lillard","10":"product_tag-portland","11":"product_shipping_class-cartes","13":"first","14":"outofstock","15":"shipping-taxable","16":"purchasable","17":"product-type-simple"},"uagb_featured_image_src":{"full":["https:\/\/www.iamslip.com\/wp-content\/uploads\/2025\/03\/DD_DameTime.jpg",736,924,false],"thumbnail":["https:\/\/www.iamslip.com\/wp-content\/uploads\/2025\/03\/DD_DameTime-150x150.jpg",150,150,true],"medium":["https:\/\/www.iamslip.com\/wp-content\/uploads\/2025\/03\/DD_DameTime-239x300.jpg",239,300,true],"medium_large":["https:\/\/www.iamslip.com\/wp-content\/uploads\/2025\/03\/DD_DameTime.jpg",736,924,false],"large":["https:\/\/www.iamslip.com\/wp-content\/uploads\/2025\/03\/DD_DameTime.jpg",736,924,false],"1536x1536":["https:\/\/www.iamslip.com\/wp-content\/uploads\/2025\/03\/DD_DameTime.jpg",736,924,false],"2048x2048":["https:\/\/www.iamslip.com\/wp-content\/uploads\/2025\/03\/DD_DameTime.jpg",736,924,false],"woocommerce_thumbnail":["https:\/\/www.iamslip.com\/wp-content\/uploads\/2025\/03\/DD_DameTime-300x300.jpg",300,300,true],"woocommerce_single":["https:\/\/www.iamslip.com\/wp-content\/uploads\/2025\/03\/DD_DameTime-600x753.jpg",600,753,true],"woocommerce_gallery_thumbnail":["https:\/\/www.iamslip.com\/wp-content\/uploads\/2025\/03\/DD_DameTime-100x100.jpg",100,100,true]},"uagb_author_info":{"display_name":"slip","author_link":"https:\/\/www.iamslip.com\/?author=0"},"uagb_comment_info":0,"uagb_excerpt":"DD-SLP59 Quand il reste quelques secondes \u00e0 l\u2019horloge et que tout repose sur un dernier tir, Damian Lillard ne tremble jamais. Son sang-froid, sa pr\u00e9cision chirurgicale et son mental d\u2019acier ont fait de lui l\u2019un des joueurs les plus clutch de l\u2019histoire de la NBA. La carte \u00ab\u00a0Dame Time\u00a0\u00bb c\u00e9l\u00e8bre ces moments o\u00f9 Lillard glace\u2026","_links":{"self":[{"href":"https:\/\/www.iamslip.com\/index.php?rest_route=\/wp\/v2\/product\/17316","targetHints":{"allow":["GET"]}}],"collection":[{"href":"https:\/\/www.iamslip.com\/index.php?rest_route=\/wp\/v2\/product"}],"about":[{"href":"https:\/\/www.iamslip.com\/index.php?rest_route=\/wp\/v2\/types\/product"}],"wp:featuredmedia":[{"embeddable":true,"href":"https:\/\/www.iamslip.com\/index.php?rest_route=\/wp\/v2\/media\/17981"}],"wp:attachment":[{"href":"https:\/\/www.iamslip.com\/index.php?rest_route=%2Fwp%2Fv2%2Fmedia&parent=17316"}],"wp:term":[{"taxonomy":"product_brand","embeddable":true,"href":"https:\/\/www.iamslip.com\/index.php?rest_route=%2Fwp%2Fv2%2Fproduct_brand&post=17316"},{"taxonomy":"product_cat","embeddable":true,"href":"https:\/\/www.iamslip.com\/index.php?rest_route=%2Fwp%2Fv2%2Fproduct_cat&post=17316"},{"taxonomy":"product_tag","embeddable":true,"href":"https:\/\/www.iamslip.com\/index.php?rest_route=%2Fwp%2Fv2%2Fproduct_tag&post=17316"}],"curies":[{"name":"wp","href":"https:\/\/api.w.org\/{rel}","templated":true}]}}