{"id":17315,"date":"2025-03-10T09:07:24","date_gmt":"2025-03-10T08:07:24","guid":{"rendered":"https:\/\/www.iamslip.com\/?product=young-mvp"},"modified":"2025-10-01T07:26:32","modified_gmt":"2025-10-01T05:26:32","slug":"young-mvp","status":"publish","type":"product","link":"https:\/\/www.iamslip.com\/?product=young-mvp","title":{"rendered":"Young MVP"},"content":{"rendered":"<h2>DD-SLP45<\/h2>\n<p data-start=\"224\" data-end=\"532\">En <strong data-start=\"227\" data-end=\"235\">2011<\/strong>, <strong data-start=\"237\" data-end=\"253\">Derrick Rose<\/strong> entre dans l\u2019histoire en devenant le <strong data-start=\"291\" data-end=\"319\">plus jeune MVP de la NBA<\/strong>, \u00e0 seulement <strong data-start=\"333\" data-end=\"343\">22 ans<\/strong>. Meneur explosif, capable de transpercer les d\u00e9fenses avec une vitesse et une agilit\u00e9 hors norme, il propulse les <strong data-start=\"458\" data-end=\"475\">Chicago Bulls<\/strong> au sommet de l\u2019Est et fait r\u00eaver toute une g\u00e9n\u00e9ration.<\/p>\n<p data-start=\"534\" data-end=\"697\">La carte <strong data-start=\"543\" data-end=\"558\">\u00ab\u00a0Young MVP\u00a0\u00bb<\/strong> c\u00e9l\u00e8bre cet exploit exceptionnel, un moment o\u00f9 <strong data-start=\"606\" data-end=\"634\">D-Rose \u00e9tait inarr\u00eatable<\/strong>, r\u00e9gnant sur la ligue avec une confiance et un talent bruts.<\/p>\n<p data-start=\"699\" data-end=\"851\">\ud83d\udd39 <strong data-start=\"702\" data-end=\"714\">Format :<\/strong> 8,9 x 6,4 cm (style carte de collection)<br data-start=\"755\" data-end=\"758\" \/>\ud83d\udd39 <strong data-start=\"761\" data-end=\"792\">Impression de haute qualit\u00e9<\/strong><br data-start=\"792\" data-end=\"795\" \/>\ud83d\udd39 <strong data-start=\"798\" data-end=\"849\">Exp\u00e9dition prot\u00e9g\u00e9e (sleeve &amp; toploader inclus)<\/strong><\/p>\n<p data-start=\"853\" data-end=\"949\" data-is-last-node=\"\" data-is-only-node=\"\">\ud83c\udfc0 <strong data-start=\"856\" data-end=\"944\">Un souvenir inoubliable pour les fans de Derrick Rose et du basket des ann\u00e9es 2010 !<\/strong> \ud83c\udf39\ud83d\udd25<\/p>\n<p>&nbsp;<\/p>\n","protected":false},"excerpt":{"rendered":"<p>DD-SLP45 En 2011, Derrick Rose entre dans l\u2019histoire en devenant le plus jeune MVP de la NBA, \u00e0 seulement 22 ans. Meneur explosif, capable de transpercer les d\u00e9fenses avec une vitesse et une agilit\u00e9 hors norme, il propulse les Chicago Bulls au sommet de l\u2019Est et fait r\u00eaver toute une g\u00e9n\u00e9ration. La carte \u00ab\u00a0Young MVP\u00a0\u00bb [&hellip;]<\/p>\n","protected":false},"featured_media":17979,"template":"","meta":{"_crdt_document":"","_uag_custom_page_level_css":"","_swt_meta_header_display":false,"_swt_meta_footer_display":false,"_swt_meta_site_title_display":false,"_swt_meta_sticky_header":false,"_swt_meta_transparent_header":false},"product_brand":[],"product_cat":[5099],"product_tag":[5144,5202,5150,5153,5149],"class_list":{"0":"post-17315","1":"product","2":"type-product","3":"status-publish","4":"has-post-thumbnail","6":"product_cat-cartes-double-double","7":"product_tag-chicago","8":"product_tag-derrick","9":"product_tag-drose","10":"product_tag-mvp","11":"product_tag-rose","12":"product_shipping_class-cartes","14":"first","15":"instock","16":"shipping-taxable","17":"purchasable","18":"product-type-simple"},"uagb_featured_image_src":{"full":["https:\/\/www.iamslip.com\/wp-content\/uploads\/2025\/03\/DD_YoungMVP.jpg",736,924,false],"thumbnail":["https:\/\/www.iamslip.com\/wp-content\/uploads\/2025\/03\/DD_YoungMVP-150x150.jpg",150,150,true],"medium":["https:\/\/www.iamslip.com\/wp-content\/uploads\/2025\/03\/DD_YoungMVP-239x300.jpg",239,300,true],"medium_large":["https:\/\/www.iamslip.com\/wp-content\/uploads\/2025\/03\/DD_YoungMVP.jpg",736,924,false],"large":["https:\/\/www.iamslip.com\/wp-content\/uploads\/2025\/03\/DD_YoungMVP.jpg",736,924,false],"1536x1536":["https:\/\/www.iamslip.com\/wp-content\/uploads\/2025\/03\/DD_YoungMVP.jpg",736,924,false],"2048x2048":["https:\/\/www.iamslip.com\/wp-content\/uploads\/2025\/03\/DD_YoungMVP.jpg",736,924,false],"woocommerce_thumbnail":["https:\/\/www.iamslip.com\/wp-content\/uploads\/2025\/03\/DD_YoungMVP-300x300.jpg",300,300,true],"woocommerce_single":["https:\/\/www.iamslip.com\/wp-content\/uploads\/2025\/03\/DD_YoungMVP-600x753.jpg",600,753,true],"woocommerce_gallery_thumbnail":["https:\/\/www.iamslip.com\/wp-content\/uploads\/2025\/03\/DD_YoungMVP-100x100.jpg",100,100,true]},"uagb_author_info":{"display_name":"slip","author_link":"https:\/\/www.iamslip.com\/?author=0"},"uagb_comment_info":0,"uagb_excerpt":"DD-SLP45 En 2011, Derrick Rose entre dans l\u2019histoire en devenant le plus jeune MVP de la NBA, \u00e0 seulement 22 ans. Meneur explosif, capable de transpercer les d\u00e9fenses avec une vitesse et une agilit\u00e9 hors norme, il propulse les Chicago Bulls au sommet de l\u2019Est et fait r\u00eaver toute une g\u00e9n\u00e9ration. La carte \u00ab\u00a0Young MVP\u00a0\u00bb\u2026","_links":{"self":[{"href":"https:\/\/www.iamslip.com\/index.php?rest_route=\/wp\/v2\/product\/17315","targetHints":{"allow":["GET"]}}],"collection":[{"href":"https:\/\/www.iamslip.com\/index.php?rest_route=\/wp\/v2\/product"}],"about":[{"href":"https:\/\/www.iamslip.com\/index.php?rest_route=\/wp\/v2\/types\/product"}],"wp:featuredmedia":[{"embeddable":true,"href":"https:\/\/www.iamslip.com\/index.php?rest_route=\/wp\/v2\/media\/17979"}],"wp:attachment":[{"href":"https:\/\/www.iamslip.com\/index.php?rest_route=%2Fwp%2Fv2%2Fmedia&parent=17315"}],"wp:term":[{"taxonomy":"product_brand","embeddable":true,"href":"https:\/\/www.iamslip.com\/index.php?rest_route=%2Fwp%2Fv2%2Fproduct_brand&post=17315"},{"taxonomy":"product_cat","embeddable":true,"href":"https:\/\/www.iamslip.com\/index.php?rest_route=%2Fwp%2Fv2%2Fproduct_cat&post=17315"},{"taxonomy":"product_tag","embeddable":true,"href":"https:\/\/www.iamslip.com\/index.php?rest_route=%2Fwp%2Fv2%2Fproduct_tag&post=17315"}],"curies":[{"name":"wp","href":"https:\/\/api.w.org\/{rel}","templated":true}]}}