{"id":17313,"date":"2025-03-10T09:07:24","date_gmt":"2025-03-10T08:07:24","guid":{"rendered":"https:\/\/www.iamslip.com\/?product=crossover-tutorial"},"modified":"2025-12-05T12:07:34","modified_gmt":"2025-12-05T11:07:34","slug":"crossover-tutorial","status":"publish","type":"product","link":"https:\/\/www.iamslip.com\/?product=crossover-tutorial","title":{"rendered":"Crossover Tutorial"},"content":{"rendered":"<h2>DD-SLP43<\/h2>\n<p data-start=\"240\" data-end=\"606\">Avant <strong data-start=\"246\" data-end=\"263\">Allen Iverson<\/strong>, <strong data-start=\"265\" data-end=\"281\">Kyrie Irving<\/strong> ou <strong data-start=\"285\" data-end=\"300\">Steph Curry<\/strong>, il y avait <strong data-start=\"313\" data-end=\"329\">Tim Hardaway<\/strong>. Avec son <strong data-start=\"340\" data-end=\"359\">\u00ab\u00a0UTEP Two-Step\u00a0\u00bb<\/strong>, il a \u00e9t\u00e9 l\u2019un des premiers joueurs \u00e0 donner un <strong data-start=\"408\" data-end=\"434\">nom officiel \u00e0 un move<\/strong>, r\u00e9volutionnant l\u2019art du <strong data-start=\"460\" data-end=\"473\">crossover<\/strong>. Son dribble d\u00e9vastateur, capable de briser les chevilles des d\u00e9fenseurs, est devenu une r\u00e9f\u00e9rence pour les g\u00e9n\u00e9rations suivantes.<\/p>\n<p data-start=\"608\" data-end=\"754\">La carte <strong data-start=\"617\" data-end=\"641\">\u00ab\u00a0Crossover Tutorial\u00a0\u00bb<\/strong> immortalise ce <strong data-start=\"657\" data-end=\"675\">geste iconique<\/strong>, qui a marqu\u00e9 l\u2019histoire du basket et inspir\u00e9 d\u2019innombrables meneurs de jeu.<\/p>\n<p data-start=\"756\" data-end=\"908\">\ud83d\udd39 <strong data-start=\"759\" data-end=\"771\">Format :<\/strong> 8,9 x 6,4 cm (style carte de collection)<br data-start=\"812\" data-end=\"815\" \/>\ud83d\udd39 <strong data-start=\"818\" data-end=\"849\">Impression de haute qualit\u00e9<\/strong><br data-start=\"849\" data-end=\"852\" \/>\ud83d\udd39 <strong data-start=\"855\" data-end=\"906\">Exp\u00e9dition prot\u00e9g\u00e9e (sleeve &amp; toploader inclus)<\/strong><\/p>\n<p data-start=\"910\" data-end=\"989\" data-is-last-node=\"\" data-is-only-node=\"\">\ud83c\udfc0 <strong data-start=\"913\" data-end=\"984\">Un must-have pour les fans de handles et d\u2019histoire du basketball !<\/strong> \ud83d\udd25\ud83d\udca8<\/p>\n<p>&nbsp;<\/p>\n","protected":false},"excerpt":{"rendered":"<p>DD-SLP43 Avant Allen Iverson, Kyrie Irving ou Steph Curry, il y avait Tim Hardaway. Avec son \u00ab\u00a0UTEP Two-Step\u00a0\u00bb, il a \u00e9t\u00e9 l\u2019un des premiers joueurs \u00e0 donner un nom officiel \u00e0 un move, r\u00e9volutionnant l\u2019art du crossover. Son dribble d\u00e9vastateur, capable de briser les chevilles des d\u00e9fenseurs, est devenu une r\u00e9f\u00e9rence pour les g\u00e9n\u00e9rations suivantes. [&hellip;]<\/p>\n","protected":false},"featured_media":17977,"template":"","meta":{"_crdt_document":"","_uag_custom_page_level_css":"","_swt_meta_header_display":false,"_swt_meta_footer_display":false,"_swt_meta_site_title_display":false,"_swt_meta_sticky_header":false,"_swt_meta_transparent_header":false},"product_brand":[],"product_cat":[5099],"product_tag":[5203,5105,5205,5204],"class_list":{"0":"post-17313","1":"product","2":"type-product","3":"status-publish","4":"has-post-thumbnail","6":"product_cat-cartes-double-double","7":"product_tag-crossover","8":"product_tag-doubledouble","9":"product_tag-hardaway","10":"product_tag-utep","11":"product_shipping_class-cartes","13":"first","14":"outofstock","15":"shipping-taxable","16":"purchasable","17":"product-type-simple"},"uagb_featured_image_src":{"full":["https:\/\/www.iamslip.com\/wp-content\/uploads\/2025\/03\/DD_CrossoverTutorial.jpg",736,924,false],"thumbnail":["https:\/\/www.iamslip.com\/wp-content\/uploads\/2025\/03\/DD_CrossoverTutorial-150x150.jpg",150,150,true],"medium":["https:\/\/www.iamslip.com\/wp-content\/uploads\/2025\/03\/DD_CrossoverTutorial-239x300.jpg",239,300,true],"medium_large":["https:\/\/www.iamslip.com\/wp-content\/uploads\/2025\/03\/DD_CrossoverTutorial.jpg",736,924,false],"large":["https:\/\/www.iamslip.com\/wp-content\/uploads\/2025\/03\/DD_CrossoverTutorial.jpg",736,924,false],"1536x1536":["https:\/\/www.iamslip.com\/wp-content\/uploads\/2025\/03\/DD_CrossoverTutorial.jpg",736,924,false],"2048x2048":["https:\/\/www.iamslip.com\/wp-content\/uploads\/2025\/03\/DD_CrossoverTutorial.jpg",736,924,false],"woocommerce_thumbnail":["https:\/\/www.iamslip.com\/wp-content\/uploads\/2025\/03\/DD_CrossoverTutorial-300x300.jpg",300,300,true],"woocommerce_single":["https:\/\/www.iamslip.com\/wp-content\/uploads\/2025\/03\/DD_CrossoverTutorial-600x753.jpg",600,753,true],"woocommerce_gallery_thumbnail":["https:\/\/www.iamslip.com\/wp-content\/uploads\/2025\/03\/DD_CrossoverTutorial-100x100.jpg",100,100,true]},"uagb_author_info":{"display_name":"slip","author_link":"https:\/\/www.iamslip.com\/?author=0"},"uagb_comment_info":0,"uagb_excerpt":"DD-SLP43 Avant Allen Iverson, Kyrie Irving ou Steph Curry, il y avait Tim Hardaway. Avec son \u00ab\u00a0UTEP Two-Step\u00a0\u00bb, il a \u00e9t\u00e9 l\u2019un des premiers joueurs \u00e0 donner un nom officiel \u00e0 un move, r\u00e9volutionnant l\u2019art du crossover. Son dribble d\u00e9vastateur, capable de briser les chevilles des d\u00e9fenseurs, est devenu une r\u00e9f\u00e9rence pour les g\u00e9n\u00e9rations suivantes.\u2026","_links":{"self":[{"href":"https:\/\/www.iamslip.com\/index.php?rest_route=\/wp\/v2\/product\/17313","targetHints":{"allow":["GET"]}}],"collection":[{"href":"https:\/\/www.iamslip.com\/index.php?rest_route=\/wp\/v2\/product"}],"about":[{"href":"https:\/\/www.iamslip.com\/index.php?rest_route=\/wp\/v2\/types\/product"}],"wp:featuredmedia":[{"embeddable":true,"href":"https:\/\/www.iamslip.com\/index.php?rest_route=\/wp\/v2\/media\/17977"}],"wp:attachment":[{"href":"https:\/\/www.iamslip.com\/index.php?rest_route=%2Fwp%2Fv2%2Fmedia&parent=17313"}],"wp:term":[{"taxonomy":"product_brand","embeddable":true,"href":"https:\/\/www.iamslip.com\/index.php?rest_route=%2Fwp%2Fv2%2Fproduct_brand&post=17313"},{"taxonomy":"product_cat","embeddable":true,"href":"https:\/\/www.iamslip.com\/index.php?rest_route=%2Fwp%2Fv2%2Fproduct_cat&post=17313"},{"taxonomy":"product_tag","embeddable":true,"href":"https:\/\/www.iamslip.com\/index.php?rest_route=%2Fwp%2Fv2%2Fproduct_tag&post=17313"}],"curies":[{"name":"wp","href":"https:\/\/api.w.org\/{rel}","templated":true}]}}