{"id":17311,"date":"2025-03-10T09:07:23","date_gmt":"2025-03-10T08:07:23","guid":{"rendered":"https:\/\/www.iamslip.com\/?product=la-course-au-trophee"},"modified":"2025-12-05T12:07:34","modified_gmt":"2025-12-05T11:07:34","slug":"la-course-au-trophee","status":"publish","type":"product","link":"https:\/\/www.iamslip.com\/?product=la-course-au-trophee","title":{"rendered":"La Course au Troph\u00e9e"},"content":{"rendered":"<h2>DD-SLP58<\/h2>\n<h3 class=\"product-title\">La Course au Troph\u00e9e<\/h3>\n<p data-start=\"244\" data-end=\"548\">D\u00e8s leur arriv\u00e9e en NBA, <strong data-start=\"269\" data-end=\"290\">Victor Wembanyama<\/strong> et <strong data-start=\"294\" data-end=\"311\">Chet Holmgren<\/strong> ont captiv\u00e9 la ligue avec leur <strong data-start=\"343\" data-end=\"384\">talent unique et leur impact imm\u00e9diat<\/strong>. Plus qu\u2019une simple saison rookie, leur duel est devenu une v\u00e9ritable <strong data-start=\"455\" data-end=\"497\">course au troph\u00e9e de Rookie de l\u2019Ann\u00e9e<\/strong>, o\u00f9 chaque match compte pour marquer l\u2019histoire.<\/p>\n<p data-start=\"550\" data-end=\"854\">Entre <strong data-start=\"556\" data-end=\"621\">performances XXL, blocks monstrueux et actions spectaculaires<\/strong>, ces deux jeunes prodiges sont en train de poser les bases d\u2019une <strong data-start=\"687\" data-end=\"715\">rivalit\u00e9 g\u00e9n\u00e9rationnelle<\/strong>. La carte <strong data-start=\"726\" data-end=\"752\">\u00ab\u00a0La Course au Troph\u00e9e\u00a0\u00bb<\/strong> capture cette lutte acharn\u00e9e, o\u00f9 seul l\u2019un d\u2019eux pourra d\u00e9crocher la r\u00e9compense ultime des rookies.<\/p>\n<p data-start=\"856\" data-end=\"1008\">\ud83d\udd39 <strong data-start=\"859\" data-end=\"871\">Format :<\/strong> 8,9 x 6,4 cm (style carte de collection)<br data-start=\"912\" data-end=\"915\" \/>\ud83d\udd39 <strong data-start=\"918\" data-end=\"949\">Impression de haute qualit\u00e9<\/strong><br data-start=\"949\" data-end=\"952\" \/>\ud83d\udd39 <strong data-start=\"955\" data-end=\"1006\">Exp\u00e9dition prot\u00e9g\u00e9e (sleeve &amp; toploader inclus)<\/strong><\/p>\n<p data-start=\"1010\" data-end=\"1098\" data-is-last-node=\"\" data-is-only-node=\"\">\ud83c\udfc0 <strong data-start=\"1013\" data-end=\"1093\">Une carte \u00e0 garder pr\u00e9cieusement\u2026 car cette rivalit\u00e9 ne fait que commencer !<\/strong> \ud83d\udc51\ud83d\udd25<\/p>\n<p>&nbsp;<\/p>\n","protected":false},"excerpt":{"rendered":"<p>DD-SLP58 La Course au Troph\u00e9e D\u00e8s leur arriv\u00e9e en NBA, Victor Wembanyama et Chet Holmgren ont captiv\u00e9 la ligue avec leur talent unique et leur impact imm\u00e9diat. Plus qu\u2019une simple saison rookie, leur duel est devenu une v\u00e9ritable course au troph\u00e9e de Rookie de l\u2019Ann\u00e9e, o\u00f9 chaque match compte pour marquer l\u2019histoire. Entre performances XXL, [&hellip;]<\/p>\n","protected":false},"featured_media":18072,"template":"","meta":{"_crdt_document":"","_uag_custom_page_level_css":"","_swt_meta_header_display":false,"_swt_meta_footer_display":false,"_swt_meta_site_title_display":false,"_swt_meta_sticky_header":false,"_swt_meta_transparent_header":false},"product_brand":[],"product_cat":[5099],"product_tag":[5208,5105,5209,5185,5184],"class_list":{"0":"post-17311","1":"product","2":"type-product","3":"status-publish","4":"has-post-thumbnail","6":"product_cat-cartes-double-double","7":"product_tag-course","8":"product_tag-doubledouble","9":"product_tag-trophee","10":"product_tag-wembanyama","11":"product_tag-wemby","12":"product_shipping_class-cartes","14":"first","15":"outofstock","16":"shipping-taxable","17":"purchasable","18":"product-type-simple"},"uagb_featured_image_src":{"full":["https:\/\/www.iamslip.com\/wp-content\/uploads\/2025\/03\/mockup_carte_slab3.jpg",736,924,false],"thumbnail":["https:\/\/www.iamslip.com\/wp-content\/uploads\/2025\/03\/mockup_carte_slab3-150x150.jpg",150,150,true],"medium":["https:\/\/www.iamslip.com\/wp-content\/uploads\/2025\/03\/mockup_carte_slab3-239x300.jpg",239,300,true],"medium_large":["https:\/\/www.iamslip.com\/wp-content\/uploads\/2025\/03\/mockup_carte_slab3.jpg",736,924,false],"large":["https:\/\/www.iamslip.com\/wp-content\/uploads\/2025\/03\/mockup_carte_slab3.jpg",736,924,false],"1536x1536":["https:\/\/www.iamslip.com\/wp-content\/uploads\/2025\/03\/mockup_carte_slab3.jpg",736,924,false],"2048x2048":["https:\/\/www.iamslip.com\/wp-content\/uploads\/2025\/03\/mockup_carte_slab3.jpg",736,924,false],"woocommerce_thumbnail":["https:\/\/www.iamslip.com\/wp-content\/uploads\/2025\/03\/mockup_carte_slab3-300x300.jpg",300,300,true],"woocommerce_single":["https:\/\/www.iamslip.com\/wp-content\/uploads\/2025\/03\/mockup_carte_slab3-600x753.jpg",600,753,true],"woocommerce_gallery_thumbnail":["https:\/\/www.iamslip.com\/wp-content\/uploads\/2025\/03\/mockup_carte_slab3-100x100.jpg",100,100,true]},"uagb_author_info":{"display_name":"slip","author_link":"https:\/\/www.iamslip.com\/?author=0"},"uagb_comment_info":0,"uagb_excerpt":"DD-SLP58 La Course au Troph\u00e9e D\u00e8s leur arriv\u00e9e en NBA, Victor Wembanyama et Chet Holmgren ont captiv\u00e9 la ligue avec leur talent unique et leur impact imm\u00e9diat. Plus qu\u2019une simple saison rookie, leur duel est devenu une v\u00e9ritable course au troph\u00e9e de Rookie de l\u2019Ann\u00e9e, o\u00f9 chaque match compte pour marquer l\u2019histoire. Entre performances XXL,\u2026","_links":{"self":[{"href":"https:\/\/www.iamslip.com\/index.php?rest_route=\/wp\/v2\/product\/17311","targetHints":{"allow":["GET"]}}],"collection":[{"href":"https:\/\/www.iamslip.com\/index.php?rest_route=\/wp\/v2\/product"}],"about":[{"href":"https:\/\/www.iamslip.com\/index.php?rest_route=\/wp\/v2\/types\/product"}],"wp:featuredmedia":[{"embeddable":true,"href":"https:\/\/www.iamslip.com\/index.php?rest_route=\/wp\/v2\/media\/18072"}],"wp:attachment":[{"href":"https:\/\/www.iamslip.com\/index.php?rest_route=%2Fwp%2Fv2%2Fmedia&parent=17311"}],"wp:term":[{"taxonomy":"product_brand","embeddable":true,"href":"https:\/\/www.iamslip.com\/index.php?rest_route=%2Fwp%2Fv2%2Fproduct_brand&post=17311"},{"taxonomy":"product_cat","embeddable":true,"href":"https:\/\/www.iamslip.com\/index.php?rest_route=%2Fwp%2Fv2%2Fproduct_cat&post=17311"},{"taxonomy":"product_tag","embeddable":true,"href":"https:\/\/www.iamslip.com\/index.php?rest_route=%2Fwp%2Fv2%2Fproduct_tag&post=17311"}],"curies":[{"name":"wp","href":"https:\/\/api.w.org\/{rel}","templated":true}]}}