{"id":17309,"date":"2025-03-10T09:07:23","date_gmt":"2025-03-10T08:07:23","guid":{"rendered":"https:\/\/www.iamslip.com\/?product=icon-magic"},"modified":"2025-10-17T19:48:37","modified_gmt":"2025-10-17T17:48:37","slug":"icon-magic","status":"publish","type":"product","link":"https:\/\/www.iamslip.com\/?product=icon-magic","title":{"rendered":"Icon Magic"},"content":{"rendered":"<h2>DD-SLP36<\/h2>\n<h3 class=\"product-title\">Icon Magic<\/h3>\n<p data-start=\"235\" data-end=\"501\">Avec son sourire l\u00e9gendaire et son style flamboyant, <strong data-start=\"288\" data-end=\"305\">Magic Johnson<\/strong> a transform\u00e9 la NBA en un spectacle grandiose. Meneur d\u2019exception, il a incarn\u00e9 l\u2019\u00e8re du <strong data-start=\"395\" data-end=\"418\">Showtime des Lakers<\/strong>, o\u00f9 chaque passe et chaque action semblaient inspir\u00e9es par une force sup\u00e9rieure.<\/p>\n<p data-start=\"503\" data-end=\"749\">Cette carte fait partie d\u2019une <strong data-start=\"533\" data-end=\"568\">s\u00e9rie exclusive de trois cartes<\/strong>, o\u00f9 les l\u00e9gendes des ann\u00e9es 80 \u2014 <strong data-start=\"602\" data-end=\"627\">Bird, Magic et Jordan<\/strong> \u2014 sont r\u00e9interpr\u00e9t\u00e9es dans le style des <strong data-start=\"668\" data-end=\"685\">ic\u00f4nes russes<\/strong>, c\u00e9l\u00e9brant leur statut quasi divin dans l\u2019histoire du basket.<\/p>\n<p data-start=\"751\" data-end=\"899\"><strong data-start=\"751\" data-end=\"767\">\u00ab\u00a0Icon Magic\u00a0\u00bb<\/strong> immortalise l\u2019\u00e9nergie, la cr\u00e9ativit\u00e9 et le leadership de ce meneur hors pair, un v\u00e9ritable architecte du beau jeu et de la gagne.<\/p>\n<p data-start=\"901\" data-end=\"1109\">\ud83d\udd39 <strong data-start=\"904\" data-end=\"954\">S\u00e9rie limit\u00e9e (3 cartes : Bird, Magic, Jordan)<\/strong><br data-start=\"954\" data-end=\"957\" \/>\ud83d\udd39 <strong data-start=\"960\" data-end=\"972\">Format :<\/strong> 8,9 x 6,4 cm (style carte de collection)<br data-start=\"1013\" data-end=\"1016\" \/>\ud83d\udd39 <strong data-start=\"1019\" data-end=\"1050\">Impression de haute qualit\u00e9<\/strong><br data-start=\"1050\" data-end=\"1053\" \/>\ud83d\udd39 <strong data-start=\"1056\" data-end=\"1107\">Exp\u00e9dition prot\u00e9g\u00e9e (sleeve &amp; toploader inclus)<\/strong><\/p>\n<p data-start=\"1111\" data-end=\"1199\" data-is-last-node=\"\" data-is-only-node=\"\">\ud83c\udfc0 <strong data-start=\"1114\" data-end=\"1195\">Une carte essentielle pour les passionn\u00e9s des Lakers et du basket-spectacle !<\/strong> \ud83d\udd25\u2728<\/p>\n<p>&nbsp;<\/p>\n","protected":false},"excerpt":{"rendered":"<p>DD-SLP36 Icon Magic Avec son sourire l\u00e9gendaire et son style flamboyant, Magic Johnson a transform\u00e9 la NBA en un spectacle grandiose. Meneur d\u2019exception, il a incarn\u00e9 l\u2019\u00e8re du Showtime des Lakers, o\u00f9 chaque passe et chaque action semblaient inspir\u00e9es par une force sup\u00e9rieure. Cette carte fait partie d\u2019une s\u00e9rie exclusive de trois cartes, o\u00f9 les [&hellip;]<\/p>\n","protected":false},"featured_media":18075,"template":"","meta":{"_crdt_document":"","_uag_custom_page_level_css":"","_swt_meta_header_display":false,"_swt_meta_footer_display":false,"_swt_meta_site_title_display":false,"_swt_meta_sticky_header":false,"_swt_meta_transparent_header":false},"product_brand":[],"product_cat":[5099],"product_tag":[5105,5207,5122,5132],"class_list":{"0":"post-17309","1":"product","2":"type-product","3":"status-publish","4":"has-post-thumbnail","6":"product_cat-cartes-double-double","7":"product_tag-doubledouble","8":"product_tag-icon","9":"product_tag-lakers","10":"product_tag-magic","11":"product_shipping_class-cartes","13":"first","14":"instock","15":"shipping-taxable","16":"purchasable","17":"product-type-simple"},"uagb_featured_image_src":{"full":["https:\/\/www.iamslip.com\/wp-content\/uploads\/2025\/03\/mockup_carte_slab6.jpg",736,924,false],"thumbnail":["https:\/\/www.iamslip.com\/wp-content\/uploads\/2025\/03\/mockup_carte_slab6-150x150.jpg",150,150,true],"medium":["https:\/\/www.iamslip.com\/wp-content\/uploads\/2025\/03\/mockup_carte_slab6-239x300.jpg",239,300,true],"medium_large":["https:\/\/www.iamslip.com\/wp-content\/uploads\/2025\/03\/mockup_carte_slab6.jpg",736,924,false],"large":["https:\/\/www.iamslip.com\/wp-content\/uploads\/2025\/03\/mockup_carte_slab6.jpg",736,924,false],"1536x1536":["https:\/\/www.iamslip.com\/wp-content\/uploads\/2025\/03\/mockup_carte_slab6.jpg",736,924,false],"2048x2048":["https:\/\/www.iamslip.com\/wp-content\/uploads\/2025\/03\/mockup_carte_slab6.jpg",736,924,false],"woocommerce_thumbnail":["https:\/\/www.iamslip.com\/wp-content\/uploads\/2025\/03\/mockup_carte_slab6-300x300.jpg",300,300,true],"woocommerce_single":["https:\/\/www.iamslip.com\/wp-content\/uploads\/2025\/03\/mockup_carte_slab6-600x753.jpg",600,753,true],"woocommerce_gallery_thumbnail":["https:\/\/www.iamslip.com\/wp-content\/uploads\/2025\/03\/mockup_carte_slab6-100x100.jpg",100,100,true]},"uagb_author_info":{"display_name":"slip","author_link":"https:\/\/www.iamslip.com\/?author=0"},"uagb_comment_info":0,"uagb_excerpt":"DD-SLP36 Icon Magic Avec son sourire l\u00e9gendaire et son style flamboyant, Magic Johnson a transform\u00e9 la NBA en un spectacle grandiose. Meneur d\u2019exception, il a incarn\u00e9 l\u2019\u00e8re du Showtime des Lakers, o\u00f9 chaque passe et chaque action semblaient inspir\u00e9es par une force sup\u00e9rieure. Cette carte fait partie d\u2019une s\u00e9rie exclusive de trois cartes, o\u00f9 les\u2026","_links":{"self":[{"href":"https:\/\/www.iamslip.com\/index.php?rest_route=\/wp\/v2\/product\/17309","targetHints":{"allow":["GET"]}}],"collection":[{"href":"https:\/\/www.iamslip.com\/index.php?rest_route=\/wp\/v2\/product"}],"about":[{"href":"https:\/\/www.iamslip.com\/index.php?rest_route=\/wp\/v2\/types\/product"}],"wp:featuredmedia":[{"embeddable":true,"href":"https:\/\/www.iamslip.com\/index.php?rest_route=\/wp\/v2\/media\/18075"}],"wp:attachment":[{"href":"https:\/\/www.iamslip.com\/index.php?rest_route=%2Fwp%2Fv2%2Fmedia&parent=17309"}],"wp:term":[{"taxonomy":"product_brand","embeddable":true,"href":"https:\/\/www.iamslip.com\/index.php?rest_route=%2Fwp%2Fv2%2Fproduct_brand&post=17309"},{"taxonomy":"product_cat","embeddable":true,"href":"https:\/\/www.iamslip.com\/index.php?rest_route=%2Fwp%2Fv2%2Fproduct_cat&post=17309"},{"taxonomy":"product_tag","embeddable":true,"href":"https:\/\/www.iamslip.com\/index.php?rest_route=%2Fwp%2Fv2%2Fproduct_tag&post=17309"}],"curies":[{"name":"wp","href":"https:\/\/api.w.org\/{rel}","templated":true}]}}