{"id":17308,"date":"2025-03-10T09:07:23","date_gmt":"2025-03-10T08:07:23","guid":{"rendered":"https:\/\/www.iamslip.com\/?product=icon-bird"},"modified":"2025-10-17T19:48:37","modified_gmt":"2025-10-17T17:48:37","slug":"icon-bird","status":"publish","type":"product","link":"https:\/\/www.iamslip.com\/?product=icon-bird","title":{"rendered":"Icon Bird"},"content":{"rendered":"<h2>DD-SLP35<\/h2>\n<h3 class=\"product-title\">Icon Bird<\/h3>\n<p data-start=\"218\" data-end=\"603\">Avec son charisme unique et son talent in\u00e9gal\u00e9, <strong data-start=\"266\" data-end=\"280\">Larry Bird<\/strong> est bien plus qu\u2019un simple joueur de basket : il est une <strong data-start=\"338\" data-end=\"360\">ic\u00f4ne intemporelle<\/strong>. Cette carte fait partie d\u2019une <strong data-start=\"392\" data-end=\"427\">s\u00e9rie exclusive de trois cartes<\/strong>, o\u00f9 les l\u00e9gendes des ann\u00e9es 80 \u2014 <strong data-start=\"461\" data-end=\"486\">Bird, Magic et Jordan<\/strong> \u2014 sont r\u00e9interpr\u00e9t\u00e9es \u00e0 la mani\u00e8re des <strong data-start=\"526\" data-end=\"543\">ic\u00f4nes russes<\/strong>, sublimant leur impact quasi divin sur l\u2019histoire du jeu.<\/p>\n<p data-start=\"605\" data-end=\"837\"><strong data-start=\"605\" data-end=\"620\">\u00ab\u00a0Icon Bird\u00a0\u00bb<\/strong> capture l\u2019essence du <strong data-start=\"642\" data-end=\"664\">leader des Celtics<\/strong>, sa mentalit\u00e9 de tueur et son g\u00e9nie du jeu. Une carte qui immortalise <strong data-start=\"735\" data-end=\"768\">l\u2019\u00e2me du basket des ann\u00e9es 80<\/strong> et l\u2019h\u00e9ritage d\u2019un des plus grands comp\u00e9titeurs de tous les temps.<\/p>\n<p data-start=\"839\" data-end=\"1047\">\ud83d\udd39 <strong data-start=\"842\" data-end=\"892\">S\u00e9rie limit\u00e9e (3 cartes : Bird, Magic, Jordan)<\/strong><br data-start=\"892\" data-end=\"895\" \/>\ud83d\udd39 <strong data-start=\"898\" data-end=\"910\">Format :<\/strong> 8,9 x 6,4 cm (style carte de collection)<br data-start=\"951\" data-end=\"954\" \/>\ud83d\udd39 <strong data-start=\"957\" data-end=\"988\">Impression de haute qualit\u00e9<\/strong><br data-start=\"988\" data-end=\"991\" \/>\ud83d\udd39 <strong data-start=\"994\" data-end=\"1045\" data-is-only-node=\"\">Exp\u00e9dition prot\u00e9g\u00e9e (sleeve &amp; toploader inclus)<\/strong><\/p>\n<p data-start=\"1049\" data-end=\"1125\" data-is-last-node=\"\" data-is-only-node=\"\">\ud83c\udfc0 <strong data-start=\"1052\" data-end=\"1122\">Un must-have pour les fans des l\u00e9gendes NBA et du basket vintage !<\/strong> \ud83d\udd25<\/p>\n<p>&nbsp;<\/p>\n","protected":false},"excerpt":{"rendered":"<p>DD-SLP35 Icon Bird Avec son charisme unique et son talent in\u00e9gal\u00e9, Larry Bird est bien plus qu\u2019un simple joueur de basket : il est une ic\u00f4ne intemporelle. Cette carte fait partie d\u2019une s\u00e9rie exclusive de trois cartes, o\u00f9 les l\u00e9gendes des ann\u00e9es 80 \u2014 Bird, Magic et Jordan \u2014 sont r\u00e9interpr\u00e9t\u00e9es \u00e0 la mani\u00e8re des [&hellip;]<\/p>\n","protected":false},"featured_media":18073,"template":"","meta":{"_crdt_document":"","_uag_custom_page_level_css":"","_swt_meta_header_display":false,"_swt_meta_footer_display":false,"_swt_meta_site_title_display":false,"_swt_meta_sticky_header":false,"_swt_meta_transparent_header":false},"product_brand":[],"product_cat":[5099],"product_tag":[5206,5105,5207],"class_list":{"0":"post-17308","1":"product","2":"type-product","3":"status-publish","4":"has-post-thumbnail","6":"product_cat-cartes-double-double","7":"product_tag-bird","8":"product_tag-doubledouble","9":"product_tag-icon","10":"product_shipping_class-cartes","12":"first","13":"instock","14":"featured","15":"shipping-taxable","16":"purchasable","17":"product-type-simple"},"uagb_featured_image_src":{"full":["https:\/\/www.iamslip.com\/wp-content\/uploads\/2025\/03\/mockup_carte_slab4.jpg",736,924,false],"thumbnail":["https:\/\/www.iamslip.com\/wp-content\/uploads\/2025\/03\/mockup_carte_slab4-150x150.jpg",150,150,true],"medium":["https:\/\/www.iamslip.com\/wp-content\/uploads\/2025\/03\/mockup_carte_slab4-239x300.jpg",239,300,true],"medium_large":["https:\/\/www.iamslip.com\/wp-content\/uploads\/2025\/03\/mockup_carte_slab4.jpg",736,924,false],"large":["https:\/\/www.iamslip.com\/wp-content\/uploads\/2025\/03\/mockup_carte_slab4.jpg",736,924,false],"1536x1536":["https:\/\/www.iamslip.com\/wp-content\/uploads\/2025\/03\/mockup_carte_slab4.jpg",736,924,false],"2048x2048":["https:\/\/www.iamslip.com\/wp-content\/uploads\/2025\/03\/mockup_carte_slab4.jpg",736,924,false],"woocommerce_thumbnail":["https:\/\/www.iamslip.com\/wp-content\/uploads\/2025\/03\/mockup_carte_slab4-300x300.jpg",300,300,true],"woocommerce_single":["https:\/\/www.iamslip.com\/wp-content\/uploads\/2025\/03\/mockup_carte_slab4-600x753.jpg",600,753,true],"woocommerce_gallery_thumbnail":["https:\/\/www.iamslip.com\/wp-content\/uploads\/2025\/03\/mockup_carte_slab4-100x100.jpg",100,100,true]},"uagb_author_info":{"display_name":"slip","author_link":"https:\/\/www.iamslip.com\/?author=0"},"uagb_comment_info":0,"uagb_excerpt":"DD-SLP35 Icon Bird Avec son charisme unique et son talent in\u00e9gal\u00e9, Larry Bird est bien plus qu\u2019un simple joueur de basket : il est une ic\u00f4ne intemporelle. Cette carte fait partie d\u2019une s\u00e9rie exclusive de trois cartes, o\u00f9 les l\u00e9gendes des ann\u00e9es 80 \u2014 Bird, Magic et Jordan \u2014 sont r\u00e9interpr\u00e9t\u00e9es \u00e0 la mani\u00e8re des\u2026","_links":{"self":[{"href":"https:\/\/www.iamslip.com\/index.php?rest_route=\/wp\/v2\/product\/17308","targetHints":{"allow":["GET"]}}],"collection":[{"href":"https:\/\/www.iamslip.com\/index.php?rest_route=\/wp\/v2\/product"}],"about":[{"href":"https:\/\/www.iamslip.com\/index.php?rest_route=\/wp\/v2\/types\/product"}],"wp:featuredmedia":[{"embeddable":true,"href":"https:\/\/www.iamslip.com\/index.php?rest_route=\/wp\/v2\/media\/18073"}],"wp:attachment":[{"href":"https:\/\/www.iamslip.com\/index.php?rest_route=%2Fwp%2Fv2%2Fmedia&parent=17308"}],"wp:term":[{"taxonomy":"product_brand","embeddable":true,"href":"https:\/\/www.iamslip.com\/index.php?rest_route=%2Fwp%2Fv2%2Fproduct_brand&post=17308"},{"taxonomy":"product_cat","embeddable":true,"href":"https:\/\/www.iamslip.com\/index.php?rest_route=%2Fwp%2Fv2%2Fproduct_cat&post=17308"},{"taxonomy":"product_tag","embeddable":true,"href":"https:\/\/www.iamslip.com\/index.php?rest_route=%2Fwp%2Fv2%2Fproduct_tag&post=17308"}],"curies":[{"name":"wp","href":"https:\/\/api.w.org\/{rel}","templated":true}]}}