{"id":6048,"date":"2011-03-16T09:03:45","date_gmt":"2011-03-16T09:03:45","guid":{"rendered":"http:\/\/www.iamslip.com\/?page_id=6048"},"modified":"2024-07-08T09:00:04","modified_gmt":"2024-07-08T09:00:04","slug":"contacts","status":"publish","type":"page","link":"https:\/\/www.iamslip.com\/?page_id=6048","title":{"rendered":"Contacts"},"content":{"rendered":"<div class=\"flex flex-grow flex-col max-w-full\">\n<div class=\"min-h-[20px] text-message flex flex-col items-start whitespace-pre-wrap break-words [.text-message+&amp;]:mt-5 juice:w-full juice:items-end overflow-x-auto gap-2\" dir=\"auto\" data-message-author-role=\"assistant\" data-message-id=\"f5c3061b-eac0-4a16-a5dd-69800b36841d\">\n<div class=\"flex w-full flex-col gap-1 juice:empty:hidden juice:first:pt-[3px]\">\n<div class=\"markdown prose w-full break-words dark:prose-invert light\">\n<p>Pour me contacter, veuillez remplir le formulaire de contact ci-dessous. Je vous r\u00e9pondrai dans les plus brefs d\u00e9lais pour discuter de votre demande.<\/p>\n<p>vous pouvez me joindre par mail \u00e0 l&rsquo;adresse : hey\u00a0\u00bbremove-this\u00a0\u00bb@iamslip.com<\/p>\n<\/div>\n<\/div>\n<\/div>\n<\/div>\n\n<div class=\"wpforms-container wpforms-container-full wpforms-block wpforms-block-9b82fd67-641c-4072-8d02-bc8b7d713747\" id=\"wpforms-16332\"><form id=\"wpforms-form-16332\" class=\"wpforms-validate wpforms-form\" data-formid=\"16332\" method=\"post\" enctype=\"multipart\/form-data\" action=\"\/index.php?rest_route=%2Fwp%2Fv2%2Fpages%2F6048\" data-token=\"30a03e778fc19c5efaaeac722f184c82\" data-token-time=\"1778500210\"><noscript class=\"wpforms-error-noscript\">Veuillez activer JavaScript dans votre navigateur pour remplir ce formulaire.<\/noscript><div class=\"wpforms-field-container\"><div id=\"wpforms-16332-field_0-container\" class=\"wpforms-field wpforms-field-name wpforms-one-half wpforms-first\" data-field-id=\"0\"><label class=\"wpforms-field-label wpforms-label-hide\" for=\"wpforms-16332-field_0\">Name <span class=\"wpforms-required-label\">*<\/span><\/label><input type=\"text\" id=\"wpforms-16332-field_0\" class=\"wpforms-field-large wpforms-field-required\" name=\"wpforms[fields][0]\" placeholder=\"Your Name\" required><\/div><div id=\"wpforms-16332-field_3-container\" class=\"wpforms-field wpforms-field-email wpforms-one-half\" data-field-id=\"3\"><label class=\"wpforms-field-label wpforms-label-hide\" for=\"wpforms-16332-field_3\">Email <span class=\"wpforms-required-label\">*<\/span><\/label><input type=\"email\" id=\"wpforms-16332-field_3\" class=\"wpforms-field-large wpforms-field-required\" name=\"wpforms[fields][3]\" placeholder=\"Your Email\" spellcheck=\"false\" required><\/div><div id=\"wpforms-16332-field_4-container\" class=\"wpforms-field wpforms-field-text\" data-field-id=\"4\"><label class=\"wpforms-field-label wpforms-label-hide\" for=\"wpforms-16332-field_4\">Subject<\/label><input type=\"text\" id=\"wpforms-16332-field_4\" class=\"wpforms-field-large\" name=\"wpforms[fields][4]\" placeholder=\"Subject\" ><\/div><div id=\"wpforms-16332-field_2-container\" class=\"wpforms-field wpforms-field-textarea\" data-field-id=\"2\"><label class=\"wpforms-field-label wpforms-label-hide\" for=\"wpforms-16332-field_2\">Message <span class=\"wpforms-required-label\">*<\/span><\/label><textarea id=\"wpforms-16332-field_2\" class=\"wpforms-field-medium wpforms-field-required\" name=\"wpforms[fields][2]\" placeholder=\"Your Message\" required><\/textarea><\/div><\/div><!-- .wpforms-field-container --><div class=\"wpforms-submit-container\" ><input type=\"hidden\" name=\"wpforms[id]\" value=\"16332\"><input type=\"hidden\" name=\"page_title\" value=\"\"><input type=\"hidden\" name=\"page_url\" value=\"https:\/\/www.iamslip.com\/index.php?rest_route=\/wp\/v2\/pages\/6048\"><input type=\"hidden\" name=\"url_referer\" value=\"\"><button type=\"submit\" name=\"wpforms[submit]\" id=\"wpforms-submit-16332\" class=\"wpforms-submit\" data-alt-text=\"Sending...\" data-submit-text=\"Send message\" aria-live=\"assertive\" value=\"wpforms-submit\">Send message<\/button><\/div><\/form><\/div>  <!-- .wpforms-container -->","protected":false},"excerpt":{"rendered":"<p>Pour me contacter, veuillez remplir le formulaire de contact ci-dessous. Je vous r\u00e9pondrai dans les plus brefs d\u00e9lais pour discuter de votre demande. vous pouvez me joindre par mail \u00e0 l&rsquo;adresse : hey\u00a0\u00bbremove-this\u00a0\u00bb@iamslip.com<\/p>\n","protected":false},"author":2,"featured_media":0,"parent":0,"menu_order":0,"comment_status":"closed","ping_status":"open","template":"","meta":{"_crdt_document":"","_uag_custom_page_level_css":"","_swt_meta_header_display":false,"_swt_meta_footer_display":false,"_swt_meta_site_title_display":false,"_swt_meta_sticky_header":false,"_swt_meta_transparent_header":false,"footnotes":""},"class_list":["post-6048","page","type-page","status-publish","hentry"],"uagb_featured_image_src":{"full":false,"thumbnail":false,"medium":false,"medium_large":false,"large":false,"1536x1536":false,"2048x2048":false,"woocommerce_thumbnail":false,"woocommerce_single":false,"woocommerce_gallery_thumbnail":false},"uagb_author_info":{"display_name":"slip","author_link":"https:\/\/www.iamslip.com\/?author=2"},"uagb_comment_info":4,"uagb_excerpt":"Pour me contacter, veuillez remplir le formulaire de contact ci-dessous. Je vous r\u00e9pondrai dans les plus brefs d\u00e9lais pour discuter de votre demande. vous pouvez me joindre par mail \u00e0 l&rsquo;adresse : hey\u00a0\u00bbremove-this\u00a0\u00bb@iamslip.com","_links":{"self":[{"href":"https:\/\/www.iamslip.com\/index.php?rest_route=\/wp\/v2\/pages\/6048","targetHints":{"allow":["GET"]}}],"collection":[{"href":"https:\/\/www.iamslip.com\/index.php?rest_route=\/wp\/v2\/pages"}],"about":[{"href":"https:\/\/www.iamslip.com\/index.php?rest_route=\/wp\/v2\/types\/page"}],"author":[{"embeddable":true,"href":"https:\/\/www.iamslip.com\/index.php?rest_route=\/wp\/v2\/users\/2"}],"replies":[{"embeddable":true,"href":"https:\/\/www.iamslip.com\/index.php?rest_route=%2Fwp%2Fv2%2Fcomments&post=6048"}],"version-history":[{"count":19,"href":"https:\/\/www.iamslip.com\/index.php?rest_route=\/wp\/v2\/pages\/6048\/revisions"}],"predecessor-version":[{"id":16794,"href":"https:\/\/www.iamslip.com\/index.php?rest_route=\/wp\/v2\/pages\/6048\/revisions\/16794"}],"wp:attachment":[{"href":"https:\/\/www.iamslip.com\/index.php?rest_route=%2Fwp%2Fv2%2Fmedia&parent=6048"}],"curies":[{"name":"wp","href":"https:\/\/api.w.org\/{rel}","templated":true}]}}