{"id":6044,"date":"2011-03-16T09:02:55","date_gmt":"2011-03-16T09:02:55","guid":{"rendered":"http:\/\/www.iamslip.com\/?page_id=6044"},"modified":"2024-09-26T07:37:40","modified_gmt":"2024-09-26T07:37:40","slug":"parcours","status":"publish","type":"page","link":"https:\/\/www.iamslip.com\/?page_id=6044","title":{"rendered":"A propos &#8230;"},"content":{"rendered":"\n<div class=\"wp-block-media-text is-stacked-on-mobile\" style=\"grid-template-columns:40% auto\"><figure class=\"wp-block-media-text__media\"><img decoding=\"async\" width=\"576\" height=\"1024\" src=\"https:\/\/www.iamslip.com\/wp-content\/uploads\/2024\/07\/tony_noel-576x1024.jpg\" alt=\"\" class=\"wp-image-16593 size-full\" srcset=\"https:\/\/www.iamslip.com\/wp-content\/uploads\/2024\/07\/tony_noel-576x1024.jpg 576w, https:\/\/www.iamslip.com\/wp-content\/uploads\/2024\/07\/tony_noel-169x300.jpg 169w, https:\/\/www.iamslip.com\/wp-content\/uploads\/2024\/07\/tony_noel-768x1365.jpg 768w, https:\/\/www.iamslip.com\/wp-content\/uploads\/2024\/07\/tony_noel-864x1536.jpg 864w, https:\/\/www.iamslip.com\/wp-content\/uploads\/2024\/07\/tony_noel-508x903.jpg 508w, https:\/\/www.iamslip.com\/wp-content\/uploads\/2024\/07\/tony_noel.jpg 1080w\" sizes=\"(max-width: 576px) 100vw, 576px\" \/><\/figure><div class=\"wp-block-media-text__content\">\n<h2 class=\"wp-block-heading\" style=\"font-style:normal;font-weight:900;letter-spacing:-4px\">SLip<\/h2>\n\n\n\n<p class=\"has-small-font-size wp-block-paragraph\">\u00ab\u00a0<em>Ses collages aux couleurs pastel attirent l\u2019\u0153il. C\u2019est en s\u2019approchant de plus pr\u00e8s que l\u2019on r\u00e9alise que leur int\u00e9r\u00eat d\u00e9passe celui de l\u2019esth\u00e9tique et que bien des messages s\u2019y cachent. SLip ironise (\u00e0 la lecture de son blaze, nous aurions d\u00fb nous en douter) le monde et ses actualit\u00e9s avec une douceur sarcastique qui lui est propre et nous arrache des sourires entendus. Celui qui se pr\u00e9sente sur les r\u00e9seaux sous l\u2019apparence de son personnage f\u00e9tiche \u2013 un lion nomm\u00e9 L\u00e9on Grellutch qui lui vaut de voir son travail disponible dans le store du Guggenheim Museum Store de New-York \u2013 d\u00e9nonce sans en avoir l\u2019air une soci\u00e9t\u00e9 parfois sans queue ni t\u00eate.<\/em>\u00ab\u00a0<\/p>\n\n\n\n<p class=\"has-text-align-right has-x-small-font-size wp-block-paragraph\">Pauline Remilieux (Beware Mag)<\/p>\n<\/div><\/div>\n\n\n\n<div class=\"wp-block-group has-global-padding is-layout-constrained wp-block-group-is-layout-constrained\" style=\"padding-top:var(--wp--preset--spacing--x-large);padding-bottom:var(--wp--preset--spacing--x-large)\">\n<div class=\"wp-block-columns alignwide is-layout-flex wp-container-core-columns-is-layout-d064aeaa wp-block-columns-is-layout-flex\">\n<div class=\"wp-block-column is-layout-flow wp-container-core-column-is-layout-5f88a71d wp-block-column-is-layout-flow\">\n<h2 class=\"wp-block-heading has-text-align-center has-primary-color has-text-color\">56<\/h2>\n\n\n\n<p class=\"has-text-align-center wp-block-paragraph\" style=\"margin-top:var(--wp--preset--spacing--x-small)\">expositions<\/p>\n<\/div>\n\n\n\n<div class=\"wp-block-column is-layout-flow wp-container-core-column-is-layout-5f88a71d wp-block-column-is-layout-flow\">\n<h2 class=\"wp-block-heading has-text-align-center has-primary-color has-text-color\">300+<\/h2>\n\n\n\n<p class=\"has-text-align-center wp-block-paragraph\" style=\"margin-top:var(--wp--preset--spacing--x-small)\">parutions medias<\/p>\n<\/div>\n\n\n\n<div class=\"wp-block-column is-layout-flow wp-container-core-column-is-layout-5f88a71d wp-block-column-is-layout-flow\">\n<h2 class=\"wp-block-heading has-text-align-center has-primary-color has-text-color\">2900+<\/h2>\n\n\n\n<p class=\"has-text-align-center wp-block-paragraph\" style=\"margin-top:var(--wp--preset--spacing--x-small)\">cr\u00e9ations visuelles<\/p>\n<\/div>\n\n\n\n<div class=\"wp-block-column is-layout-flow wp-container-core-column-is-layout-5f88a71d wp-block-column-is-layout-flow\">\n<h2 class=\"wp-block-heading has-text-align-center has-primary-color has-text-color\">2<\/h2>\n\n\n\n<p class=\"has-text-align-center wp-block-paragraph\" style=\"margin-top:var(--wp--preset--spacing--x-small)\">cr\u00e9ations par semaine<\/p>\n<\/div>\n<\/div>\n<\/div>\n\n\n\n<div class=\"wp-block-columns alignwide is-layout-flex wp-container-core-columns-is-layout-d83b3e6e wp-block-columns-is-layout-flex\" style=\"margin-bottom:0\">\n<div class=\"wp-block-column is-vertically-aligned-stretch has-text-color has-background has-link-color wp-elements-2d29426ef2c39dda0532b0898c94b0f4 is-layout-flow wp-block-column-is-layout-flow\" style=\"color:#000000;background-color:#00ffff;padding-top:2em;padding-right:2em;padding-bottom:2em;padding-left:2em\">\n<h2 class=\"wp-block-heading has-vivid-cyan-blue-color has-text-color has-link-color wp-elements-76822f1f39c2e41177475402c996cefb\" id=\"single\" style=\"font-size:30px\">Expositions<\/h2>\n\n\n\n<hr class=\"wp-block-separator has-text-color has-css-opacity has-background is-style-wide\" style=\"background-color:#000000;color:#000000\"\/>\n\n\n\n<ul class=\"wp-block-list has-normal-font-size\">\n<li>plus de 50 expos collectives ou solos<\/li>\n\n\n\n<li>de la galerie au mus\u00e9e en passant par les festivals<\/li>\n\n\n\n<li>collages grand format<\/li>\n<\/ul>\n\n\n\n<hr class=\"wp-block-separator has-text-color has-css-opacity has-background is-style-wide\" style=\"background-color:#000000;color:#000000\"\/>\n\n\n\n<p><strong>Expositions<\/strong><br \/>Mus\u00e9e de Flers \/ Festival Airt de Famille (Lyon) \/ Ground Control (Paris) \/ Omart (Lyon) \/ Kaos Festival (Slovenie) \/ etc &#8230;<br \/><br \/><br \/><strong>Ateliers<br \/><\/strong>Tony Parker Academy<\/p>\n<p>\u00a0<\/p>\n<p>\u00a0<\/p>\n\n\n\n<div class=\"wp-block-buttons alignfull is-horizontal is-content-justification-center is-layout-flex wp-container-core-buttons-is-layout-109c90ac wp-block-buttons-is-layout-flex\">\n<div class=\"wp-block-button has-custom-width wp-block-button__width-100\"><a class=\"wp-block-button__link has-white-color has-text-color has-background no-border-radius wp-element-button\" href=\"https:\/\/www.iamslip.com\/?cat=5\" style=\"background-color:#000000\">Les expos<\/a><\/div>\n<\/div>\n<\/div>\n\n\n\n<div class=\"wp-block-column is-vertically-aligned-stretch has-text-color has-background has-link-color wp-elements-fb59a5fd907611341807c187ff3e4661 is-layout-flow wp-block-column-is-layout-flow\" style=\"color:#000000;background-color:#ff00ff;padding-top:2em;padding-right:2em;padding-bottom:2em;padding-left:2em\">\n<h2 class=\"wp-block-heading has-text-color has-link-color wp-elements-661c1b54bfa062bf5c311240def05804\" id=\"family\" style=\"color:#ffbdcc;font-size:30px\"><strong>Parution<\/strong>s<\/h2>\n\n\n\n<hr class=\"wp-block-separator has-css-opacity is-style-wide\"\/>\n\n\n\n<ul class=\"wp-block-list has-normal-font-size\">\n<li>Collaborations avec les marques <\/li>\n\n\n\n<li>Revue de Presse<\/li>\n\n\n\n<li>Illustrations en magazine<\/li>\n<\/ul>\n\n\n\n<hr class=\"wp-block-separator has-css-opacity is-style-wide\"\/>\n\n\n\n<p><strong>Sport<\/strong><br>So Foot \/ Mook Reverse \/ No Place like Home (UK) \/ Les Cahiers du Football <br><br><strong>Magazine<\/strong><br>Ours Constellation \/ The Only Lyon \/ Alternatives Economiques \/ Editions L&rsquo;Harmattan \/ Le Particulier \/ Bad Mum Magazine \/ Vivre Lyon \/ Standart Magazine<br><br><strong>Marque<\/strong><br>Adidas \/ Z&amp;ro Basket \/ Playa (UK) \/ Toulouse FC \/<\/p>\n\n\n\n<div class=\"wp-block-buttons alignfull is-horizontal is-content-justification-center is-layout-flex wp-container-core-buttons-is-layout-1a050307 wp-block-buttons-is-layout-flex\">\n<div class=\"wp-block-button has-custom-width wp-block-button__width-100 is-style-fill\"><a class=\"wp-block-button__link has-white-color has-text-color has-background no-border-radius wp-element-button\" href=\"https:\/\/www.iamslip.com\/?cat=7\" style=\"background-color:#000000\">Les Parutions<\/a><\/div>\n<\/div>\n<\/div>\n<\/div>\n\n\n\n<p class=\"wp-block-paragraph\"><\/p>\n","protected":false},"excerpt":{"rendered":"<p>SLip \u00ab\u00a0Ses collages aux couleurs pastel attirent l\u2019\u0153il. C\u2019est en s\u2019approchant de plus pr\u00e8s que l\u2019on r\u00e9alise que leur int\u00e9r\u00eat d\u00e9passe celui de l\u2019esth\u00e9tique et que bien des messages s\u2019y cachent. SLip ironise (\u00e0 la lecture de son blaze, nous aurions d\u00fb nous en douter) le monde et ses actualit\u00e9s avec une douceur sarcastique qui [&hellip;]<\/p>\n","protected":false},"author":2,"featured_media":0,"parent":0,"menu_order":0,"comment_status":"closed","ping_status":"open","template":"","meta":{"_crdt_document":"","_uag_custom_page_level_css":"","_swt_meta_header_display":false,"_swt_meta_footer_display":false,"_swt_meta_site_title_display":false,"_swt_meta_sticky_header":false,"_swt_meta_transparent_header":false,"footnotes":""},"class_list":["post-6044","page","type-page","status-publish","hentry"],"uagb_featured_image_src":{"full":false,"thumbnail":false,"medium":false,"medium_large":false,"large":false,"1536x1536":false,"2048x2048":false,"woocommerce_thumbnail":false,"woocommerce_single":false,"woocommerce_gallery_thumbnail":false},"uagb_author_info":{"display_name":"slip","author_link":"https:\/\/www.iamslip.com\/?author=2"},"uagb_comment_info":0,"uagb_excerpt":"SLip \u00ab\u00a0Ses collages aux couleurs pastel attirent l\u2019\u0153il. C\u2019est en s\u2019approchant de plus pr\u00e8s que l\u2019on r\u00e9alise que leur int\u00e9r\u00eat d\u00e9passe celui de l\u2019esth\u00e9tique et que bien des messages s\u2019y cachent. SLip ironise (\u00e0 la lecture de son blaze, nous aurions d\u00fb nous en douter) le monde et ses actualit\u00e9s avec une douceur sarcastique qui\u2026","_links":{"self":[{"href":"https:\/\/www.iamslip.com\/index.php?rest_route=\/wp\/v2\/pages\/6044","targetHints":{"allow":["GET"]}}],"collection":[{"href":"https:\/\/www.iamslip.com\/index.php?rest_route=\/wp\/v2\/pages"}],"about":[{"href":"https:\/\/www.iamslip.com\/index.php?rest_route=\/wp\/v2\/types\/page"}],"author":[{"embeddable":true,"href":"https:\/\/www.iamslip.com\/index.php?rest_route=\/wp\/v2\/users\/2"}],"replies":[{"embeddable":true,"href":"https:\/\/www.iamslip.com\/index.php?rest_route=%2Fwp%2Fv2%2Fcomments&post=6044"}],"version-history":[{"count":34,"href":"https:\/\/www.iamslip.com\/index.php?rest_route=\/wp\/v2\/pages\/6044\/revisions"}],"predecessor-version":[{"id":16949,"href":"https:\/\/www.iamslip.com\/index.php?rest_route=\/wp\/v2\/pages\/6044\/revisions\/16949"}],"wp:attachment":[{"href":"https:\/\/www.iamslip.com\/index.php?rest_route=%2Fwp%2Fv2%2Fmedia&parent=6044"}],"curies":[{"name":"wp","href":"https:\/\/api.w.org\/{rel}","templated":true}]}}