{"id":18064,"date":"2025-03-21T09:45:40","date_gmt":"2025-03-21T08:45:40","guid":{"rendered":"https:\/\/www.iamslip.com\/?page_id=18064"},"modified":"2025-03-21T09:45:40","modified_gmt":"2025-03-21T08:45:40","slug":"paiements","status":"publish","type":"page","link":"https:\/\/www.iamslip.com\/?page_id=18064","title":{"rendered":"Paiements"},"content":{"rendered":"\n<h3 class=\"wp-block-heading\"><strong>\ud83d\udd12 Paiement S\u00e9curis\u00e9 avec PayPal<\/strong><\/h3>\n\n\n\n<p class=\"wp-block-paragraph\">Chez <strong>La SLipoth\u00e8que<\/strong>, nous accordons une importance primordiale \u00e0 la <strong>s\u00e9curit\u00e9 de vos transactions<\/strong>. C\u2019est pourquoi <strong>tous les paiements sont g\u00e9r\u00e9s via PayPal<\/strong>, une solution de paiement fiable et reconnue mondialement.<\/p>\n\n\n\n<hr class=\"wp-block-separator has-alpha-channel-opacity\"\/>\n\n\n\n<h2 class=\"wp-block-heading\"><strong>\ud83d\udcb3 Pourquoi PayPal ?<\/strong><\/h2>\n\n\n\n<p class=\"wp-block-paragraph\">\u2705 <strong>S\u00e9curis\u00e9<\/strong> \u2013 Vos informations bancaires ne sont jamais partag\u00e9es avec les vendeurs.<br>\u2705 <strong>Simple et rapide<\/strong> \u2013 Payez en quelques clics avec votre compte PayPal ou directement par carte bancaire.<br>\u2705 <strong>Protection des achats<\/strong> \u2013 En cas de probl\u00e8me, PayPal offre un service de <strong>remboursement et de litige<\/strong>.<br>\u2705 <strong>Aucune inscription n\u00e9cessaire<\/strong> \u2013 Si vous n\u2019avez pas de compte PayPal, vous pouvez quand m\u00eame r\u00e9gler par <strong>carte bancaire<\/strong> via l\u2019interface PayPal.<\/p>\n\n\n\n<hr class=\"wp-block-separator has-alpha-channel-opacity\"\/>\n\n\n\n<h2 class=\"wp-block-heading\"><strong>\ud83d\udccc Comment payer sur notre site ?<\/strong><\/h2>\n\n\n\n<p class=\"wp-block-paragraph\">1\ufe0f\u20e3 <strong>Ajoutez vos articles au panier<\/strong> \ud83d\uded2<br>2\ufe0f\u20e3 <strong>Validez votre commande<\/strong> et s\u00e9lectionnez <strong>PayPal<\/strong> comme mode de paiement<br>3\ufe0f\u20e3 <strong>Connectez-vous \u00e0 votre compte PayPal<\/strong> ou choisissez le paiement par <strong>carte bancaire<\/strong><br>4\ufe0f\u20e3 <strong>Confirmez votre paiement<\/strong> \u2013 Vous recevrez imm\u00e9diatement un e-mail de confirmation<\/p>\n\n\n\n<hr class=\"wp-block-separator has-alpha-channel-opacity\"\/>\n\n\n\n<h2 class=\"wp-block-heading\"><strong>\ud83d\udd10 Une transaction 100% prot\u00e9g\u00e9e<\/strong><\/h2>\n\n\n\n<p class=\"wp-block-paragraph\">Avec <strong>PayPal<\/strong>, toutes vos transactions sont <strong>crypt\u00e9es et s\u00e9curis\u00e9es<\/strong> gr\u00e2ce aux technologies de chiffrement les plus avanc\u00e9es.<\/p>\n\n\n\n<p class=\"wp-block-paragraph\">\ud83d\udccd <strong>Votre tranquillit\u00e9 est notre priorit\u00e9. Achetez en toute confiance !<\/strong><\/p>\n\n\n\n<hr class=\"wp-block-separator has-alpha-channel-opacity\"\/>\n\n\n\n<p class=\"wp-block-paragraph\">\ud83d\udce9 <strong>Une question sur le paiement ?<\/strong> Contactez-nous \u00e0 <strong>hey@iamslip.com<\/strong> \ud83d\ude80<\/p>\n","protected":false},"excerpt":{"rendered":"<p>\ud83d\udd12 Paiement S\u00e9curis\u00e9 avec PayPal Chez La SLipoth\u00e8que, nous accordons une importance primordiale \u00e0 la s\u00e9curit\u00e9 de vos transactions. C\u2019est pourquoi tous les paiements sont g\u00e9r\u00e9s via PayPal, une solution de paiement fiable et reconnue mondialement. \ud83d\udcb3 Pourquoi PayPal ? \u2705 S\u00e9curis\u00e9 \u2013 Vos informations bancaires ne sont jamais partag\u00e9es avec les vendeurs.\u2705 Simple et [&hellip;]<\/p>\n","protected":false},"author":2,"featured_media":0,"parent":0,"menu_order":0,"comment_status":"closed","ping_status":"closed","template":"","meta":{"_crdt_document":"","_uag_custom_page_level_css":"","_swt_meta_header_display":false,"_swt_meta_footer_display":false,"_swt_meta_site_title_display":false,"_swt_meta_sticky_header":false,"_swt_meta_transparent_header":false,"footnotes":""},"class_list":["post-18064","page","type-page","status-publish","hentry"],"uagb_featured_image_src":{"full":false,"thumbnail":false,"medium":false,"medium_large":false,"large":false,"1536x1536":false,"2048x2048":false,"woocommerce_thumbnail":false,"woocommerce_single":false,"woocommerce_gallery_thumbnail":false},"uagb_author_info":{"display_name":"slip","author_link":"https:\/\/www.iamslip.com\/?author=2"},"uagb_comment_info":0,"uagb_excerpt":"\ud83d\udd12 Paiement S\u00e9curis\u00e9 avec PayPal Chez La SLipoth\u00e8que, nous accordons une importance primordiale \u00e0 la s\u00e9curit\u00e9 de vos transactions. C\u2019est pourquoi tous les paiements sont g\u00e9r\u00e9s via PayPal, une solution de paiement fiable et reconnue mondialement. \ud83d\udcb3 Pourquoi PayPal ? \u2705 S\u00e9curis\u00e9 \u2013 Vos informations bancaires ne sont jamais partag\u00e9es avec les vendeurs.\u2705 Simple et\u2026","_links":{"self":[{"href":"https:\/\/www.iamslip.com\/index.php?rest_route=\/wp\/v2\/pages\/18064","targetHints":{"allow":["GET"]}}],"collection":[{"href":"https:\/\/www.iamslip.com\/index.php?rest_route=\/wp\/v2\/pages"}],"about":[{"href":"https:\/\/www.iamslip.com\/index.php?rest_route=\/wp\/v2\/types\/page"}],"author":[{"embeddable":true,"href":"https:\/\/www.iamslip.com\/index.php?rest_route=\/wp\/v2\/users\/2"}],"replies":[{"embeddable":true,"href":"https:\/\/www.iamslip.com\/index.php?rest_route=%2Fwp%2Fv2%2Fcomments&post=18064"}],"version-history":[{"count":2,"href":"https:\/\/www.iamslip.com\/index.php?rest_route=\/wp\/v2\/pages\/18064\/revisions"}],"predecessor-version":[{"id":18066,"href":"https:\/\/www.iamslip.com\/index.php?rest_route=\/wp\/v2\/pages\/18064\/revisions\/18066"}],"wp:attachment":[{"href":"https:\/\/www.iamslip.com\/index.php?rest_route=%2Fwp%2Fv2%2Fmedia&parent=18064"}],"curies":[{"name":"wp","href":"https:\/\/api.w.org\/{rel}","templated":true}]}}