{"id":18003,"date":"2025-03-20T18:36:15","date_gmt":"2025-03-20T17:36:15","guid":{"rendered":"https:\/\/www.iamslip.com\/?page_id=18003"},"modified":"2025-03-29T08:13:43","modified_gmt":"2025-03-29T07:13:43","slug":"conditions-generales-de-vente","status":"publish","type":"page","link":"https:\/\/www.iamslip.com\/?page_id=18003","title":{"rendered":"Conditions G\u00e9n\u00e9rales de Vente"},"content":{"rendered":"\n<div class=\"wp-block-uagb-advanced-heading uagb-block-57fcf5f8\"><h2 class=\"uagb-heading-text\">Conditions G\u00e9n\u00e9rales de Vente (CGV)<\/h2><\/div>\n\n\n\n<p class=\"wp-block-paragraph\">Bienvenue sur <strong>La Slipoth\u00e8que<\/strong>. Ces Conditions G\u00e9n\u00e9rales de Vente d\u00e9finissent les droits et obligations des parties dans le cadre de la vente de produits propos\u00e9s sur notre site.<\/p>\n\n\n\n<div class=\"wp-block-group is-vertical is-layout-flex wp-container-core-group-is-layout-8cdb3485 wp-block-group-is-layout-flex\">\n<h2 class=\"wp-block-heading\"><strong>1.1 Identit\u00e9 du vendeur<\/strong><\/h2>\n\n\n\n<p class=\"wp-block-paragraph\">Le pr\u00e9sent site est \u00e9dit\u00e9 par l\u2019association <strong>Nobody Can See Us<\/strong>, immatricul\u00e9e sous le num\u00e9ro <strong>RNA W691102117<\/strong> et le <strong>SIREN 883 495 954<\/strong>, dont le <strong>si\u00e8ge social<\/strong> est situ\u00e9 au <strong>302, rue Garibaldi, 69007 Lyon<\/strong>.<\/p>\n\n\n\n<p class=\"wp-block-paragraph\">\ud83d\udccc <strong>Num\u00e9ro SIRET (si\u00e8ge) :<\/strong> 883 495 954 00017<br>\ud83d\udccc <strong>Activit\u00e9 principale (APE) :<\/strong> 59.20Z<\/p>\n\n\n\n<h4 class=\"wp-block-heading\"><strong>1.2 Objet de l\u2019association<\/strong><\/h4>\n\n\n\n<p class=\"wp-block-paragraph\">Nobody Can See Us assure la <strong>gestion des activit\u00e9s de production phonographique et vid\u00e9o, l\u2019\u00e9dition, la communication, la promotion, la production et la vente de concerts et \u00e9v\u00e9nements, ainsi que le merchandising<\/strong> li\u00e9 aux groupes <strong>Apple Jelly et Oh Boy!<\/strong> et \u00e0 l&rsquo;artiste <strong>SLip<\/strong>.<\/p>\n\n\n\n<p class=\"wp-block-paragraph\">\ud83d\udce7 <strong>Contact :<\/strong> assonobodycanseeus@gmail.com<br>\ud83d\udcde <strong>T\u00e9l\u00e9phone :<\/strong> 06.62.78.23.03<\/p>\n<\/div>\n\n\n\n<div class=\"wp-block-group is-vertical is-layout-flex wp-container-core-group-is-layout-8cdb3485 wp-block-group-is-layout-flex\">\n<h2 class=\"wp-block-heading\"><strong>2. Produits et Disponibilit\u00e9<\/strong><\/h2>\n\n\n\n<p class=\"wp-block-paragraph\">Les produits propos\u00e9s sont d\u00e9crits avec la plus grande pr\u00e9cision possible. En cas d\u2019erreur ou d\u2019omission, la responsabilit\u00e9 de <strong>La Slipoth\u00e8que<\/strong> ne saurait \u00eatre engag\u00e9e.<\/p>\n\n\n\n<p class=\"wp-block-paragraph\">Les offres de produits sont valables tant qu&rsquo;elles sont visibles sur le site, sous r\u00e9serve de disponibilit\u00e9.<\/p>\n<\/div>\n\n\n\n<div class=\"wp-block-group is-vertical is-layout-flex wp-container-core-group-is-layout-8cdb3485 wp-block-group-is-layout-flex\">\n<h3 class=\"wp-block-heading\"><strong> 3. Prix et Paiement<\/strong><\/h3>\n\n\n\n<h4 class=\"wp-block-heading\"><strong>3.1 Prix<\/strong><\/h4>\n\n\n\n<p class=\"wp-block-paragraph\">Les prix des produits sont indiqu\u00e9s en <strong>euros (\u20ac), toutes taxes comprises (TTC)<\/strong>. Les frais de livraison sont pr\u00e9cis\u00e9s lors de la finalisation de la commande.<\/p>\n\n\n\n<h4 class=\"wp-block-heading\"><strong>3.2 Modes de paiement<\/strong><\/h4>\n\n\n\n<p class=\"wp-block-paragraph\">Les paiements peuvent \u00eatre effectu\u00e9s par <strong>PayPal<\/strong><\/p>\n<\/div>\n\n\n\n<div class=\"wp-block-group is-vertical is-layout-flex wp-container-core-group-is-layout-8cdb3485 wp-block-group-is-layout-flex\">\n<h3 class=\"wp-block-heading\"><strong>4. Livraison et D\u00e9lais<\/strong><\/h3>\n\n\n\n<h4 class=\"wp-block-heading\"><strong>4.1 D\u00e9lais de livraison<\/strong><\/h4>\n\n\n\n<p class=\"wp-block-paragraph\">Les produits sont exp\u00e9di\u00e9s sous <strong>5 jours ouvr\u00e9s<\/strong> apr\u00e8s r\u00e9ception du paiement.<\/p>\n\n\n\n<h4 class=\"wp-block-heading\">4.2 <strong>Pr\u00e9commandes et D\u00e9lais de Livraison<\/strong><\/h4>\n\n\n\n<p class=\"wp-block-paragraph\">Certains articles disponibles \u00e0 la vente sont en <strong>pr\u00e9commande<\/strong>. Ces produits n\u00e9cessitent une commande aupr\u00e8s d&rsquo;un <strong>imprimeur tiers<\/strong>, ce qui implique des <strong>d\u00e9lais de production et de livraison allong\u00e9s<\/strong>.<\/p>\n\n\n\n<p class=\"wp-block-paragraph\">\u23f3 <strong>D\u00e9lai estim\u00e9 : environ un mois<\/strong> avant exp\u00e9dition. Nous faisons tout notre possible pour garantir une livraison rapide, mais ce d\u00e9lai peut varier en fonction des disponibilit\u00e9s et des contraintes de production.<\/p>\n\n\n\n<p class=\"wp-block-paragraph\">\ud83d\udcdd En passant commande d\u2019un article en pr\u00e9commande, vous acceptez ces conditions sp\u00e9cifiques et le temps d\u2019attente associ\u00e9.<\/p>\n\n\n\n<h4 class=\"wp-block-heading\"><strong>4.3 Frais de livraison<\/strong><\/h4>\n\n\n\n<figure class=\"wp-block-table\"><table class=\"has-fixed-layout\"><thead><tr><th><strong>Zone<\/strong><\/th><th><strong>D\u00e9lai estim\u00e9<\/strong><\/th><th><strong>Frais<\/strong> \u00e0 titre indicatif<\/th><\/tr><\/thead><tbody><tr><td>France M\u00e9tropolitaine<\/td><td>2-5 jours<\/td><td>5 \u20ac<\/td><\/tr><tr><td>Europe<\/td><td>5-10 jours<\/td><td>10 \u20ac<\/td><\/tr><tr><td>International<\/td><td>10-20 jours<\/td><td>20 \u20ac<\/td><\/tr><\/tbody><\/table><\/figure>\n<\/div>\n\n\n\n<div class=\"wp-block-group is-vertical is-layout-flex wp-container-core-group-is-layout-8cdb3485 wp-block-group-is-layout-flex\">\n<h3 class=\"wp-block-heading\"><strong>5. Droit de R\u00e9tractation et Retours<\/strong><\/h3>\n\n\n\n<p class=\"wp-block-paragraph\">Conform\u00e9ment \u00e0 l\u2019article L.121-20 du Code de la consommation, vous disposez d\u2019un <strong>d\u00e9lai de 14 jours<\/strong> \u00e0 compter de la r\u00e9ception de votre commande pour exercer votre droit de r\u00e9tractation.<\/p>\n\n\n\n<p class=\"wp-block-paragraph\">Les retours doivent \u00eatre effectu\u00e9s \u00e0 <strong>[Adresse de retour]<\/strong>, en parfait \u00e9tat et dans leur emballage d&rsquo;origine.<\/p>\n<\/div>\n\n\n\n<div class=\"wp-block-group is-vertical is-layout-flex wp-container-core-group-is-layout-8cdb3485 wp-block-group-is-layout-flex\">\n<h3 class=\"wp-block-heading\"><strong>6. Garanties et Responsabilit\u00e9s<\/strong><\/h3>\n\n\n\n<p class=\"wp-block-paragraph\">Nos produits b\u00e9n\u00e9ficient des garanties l\u00e9gales de conformit\u00e9 et des vices cach\u00e9s.<\/p>\n<\/div>\n\n\n\n<div class=\"wp-block-group is-vertical is-layout-flex wp-container-core-group-is-layout-8cdb3485 wp-block-group-is-layout-flex\">\n<h3 class=\"wp-block-heading\"><strong>7. Litiges et Droit Applicable<\/strong><\/h3>\n\n\n\n<p class=\"wp-block-paragraph\">En cas de litige, une solution amiable sera recherch\u00e9e en priorit\u00e9. \u00c0 d\u00e9faut, le tribunal comp\u00e9tent sera celui du si\u00e8ge de <strong>La Slipoth\u00e8que<\/strong>.<\/p>\n<\/div>\n\n\n\n<div class=\"wp-block-group is-vertical is-layout-flex wp-container-core-group-is-layout-8cdb3485 wp-block-group-is-layout-flex\">\n<h3 class=\"wp-block-heading\"><strong> 8. Acceptation des Conditions G\u00e9n\u00e9rales<\/strong><\/h3>\n\n\n\n<p class=\"wp-block-paragraph\">La validation de votre commande implique l\u2019acceptation sans r\u00e9serve des pr\u00e9sentes CGV.<\/p>\n<\/div>\n","protected":false},"excerpt":{"rendered":"<p>Conditions G\u00e9n\u00e9rales de Vente (CGV) Bienvenue sur La Slipoth\u00e8que. Ces Conditions G\u00e9n\u00e9rales de Vente d\u00e9finissent les droits et obligations des parties dans le cadre de la vente de produits propos\u00e9s sur notre site. 1.1 Identit\u00e9 du vendeur Le pr\u00e9sent site est \u00e9dit\u00e9 par l\u2019association Nobody Can See Us, immatricul\u00e9e sous le num\u00e9ro RNA W691102117 et [&hellip;]<\/p>\n","protected":false},"author":2,"featured_media":0,"parent":0,"menu_order":0,"comment_status":"closed","ping_status":"closed","template":"","meta":{"_crdt_document":"","_uag_custom_page_level_css":"","_swt_meta_header_display":false,"_swt_meta_footer_display":false,"_swt_meta_site_title_display":false,"_swt_meta_sticky_header":false,"_swt_meta_transparent_header":false,"footnotes":""},"class_list":["post-18003","page","type-page","status-publish","hentry"],"uagb_featured_image_src":{"full":false,"thumbnail":false,"medium":false,"medium_large":false,"large":false,"1536x1536":false,"2048x2048":false,"woocommerce_thumbnail":false,"woocommerce_single":false,"woocommerce_gallery_thumbnail":false},"uagb_author_info":{"display_name":"slip","author_link":"https:\/\/www.iamslip.com\/?author=2"},"uagb_comment_info":0,"uagb_excerpt":"Conditions G\u00e9n\u00e9rales de Vente (CGV) Bienvenue sur La Slipoth\u00e8que. Ces Conditions G\u00e9n\u00e9rales de Vente d\u00e9finissent les droits et obligations des parties dans le cadre de la vente de produits propos\u00e9s sur notre site. 1.1 Identit\u00e9 du vendeur Le pr\u00e9sent site est \u00e9dit\u00e9 par l\u2019association Nobody Can See Us, immatricul\u00e9e sous le num\u00e9ro RNA W691102117 et\u2026","_links":{"self":[{"href":"https:\/\/www.iamslip.com\/index.php?rest_route=\/wp\/v2\/pages\/18003","targetHints":{"allow":["GET"]}}],"collection":[{"href":"https:\/\/www.iamslip.com\/index.php?rest_route=\/wp\/v2\/pages"}],"about":[{"href":"https:\/\/www.iamslip.com\/index.php?rest_route=\/wp\/v2\/types\/page"}],"author":[{"embeddable":true,"href":"https:\/\/www.iamslip.com\/index.php?rest_route=\/wp\/v2\/users\/2"}],"replies":[{"embeddable":true,"href":"https:\/\/www.iamslip.com\/index.php?rest_route=%2Fwp%2Fv2%2Fcomments&post=18003"}],"version-history":[{"count":4,"href":"https:\/\/www.iamslip.com\/index.php?rest_route=\/wp\/v2\/pages\/18003\/revisions"}],"predecessor-version":[{"id":18153,"href":"https:\/\/www.iamslip.com\/index.php?rest_route=\/wp\/v2\/pages\/18003\/revisions\/18153"}],"wp:attachment":[{"href":"https:\/\/www.iamslip.com\/index.php?rest_route=%2Fwp%2Fv2%2Fmedia&parent=18003"}],"curies":[{"name":"wp","href":"https:\/\/api.w.org\/{rel}","templated":true}]}}