{"id":16738,"date":"2024-07-05T11:45:35","date_gmt":"2024-07-05T11:45:35","guid":{"rendered":"https:\/\/www.staging.iamslip.com\/?page_id=16738"},"modified":"2024-07-05T12:15:40","modified_gmt":"2024-07-05T12:15:40","slug":"collab-slip","status":"publish","type":"page","link":"https:\/\/www.iamslip.com\/?page_id=16738","title":{"rendered":"Collaborer avec SLip"},"content":{"rendered":"\n<div class=\"wp-block-media-text is-stacked-on-mobile\" style=\"grid-template-columns:33% auto\"><figure class=\"wp-block-media-text__media\"><img decoding=\"async\" width=\"726\" height=\"1024\" src=\"https:\/\/www.iamslip.com\/wp-content\/uploads\/2023\/01\/cartepostale_ZeroxSLip-726x1024.jpg\" alt=\"\" class=\"wp-image-15429 size-full\" srcset=\"https:\/\/www.iamslip.com\/wp-content\/uploads\/2023\/01\/cartepostale_ZeroxSLip-726x1024.jpg 726w, https:\/\/www.iamslip.com\/wp-content\/uploads\/2023\/01\/cartepostale_ZeroxSLip-213x300.jpg 213w, https:\/\/www.iamslip.com\/wp-content\/uploads\/2023\/01\/cartepostale_ZeroxSLip-768x1083.jpg 768w, https:\/\/www.iamslip.com\/wp-content\/uploads\/2023\/01\/cartepostale_ZeroxSLip-1090x1536.jpg 1090w, https:\/\/www.iamslip.com\/wp-content\/uploads\/2023\/01\/cartepostale_ZeroxSLip-508x716.jpg 508w, https:\/\/www.iamslip.com\/wp-content\/uploads\/2023\/01\/cartepostale_ZeroxSLip.jpg 1240w\" sizes=\"(max-width: 726px) 100vw, 726px\" \/><\/figure><div class=\"wp-block-media-text__content\">\n<p class=\"has-small-font-size wp-block-paragraph\">Pour proposer une opportunit\u00e9 de collaboration \u00e0 SLip, veuillez utiliser notre formulaire d\u00e9di\u00e9. SLip est ouvert \u00e0 intervenir sur une vari\u00e9t\u00e9 d&rsquo;\u00e9v\u00e9nements et de collaborations, allant des projets artistiques aux initiatives commerciales et culturelles. Nous encourageons une discussion approfondie pour comprendre vos besoins sp\u00e9cifiques et discuter de la meilleure mani\u00e8re de mettre en valeur l&rsquo;art de SLip dans le cadre de votre projet. Ensemble, explorons les possibilit\u00e9s et cr\u00e9ons des partenariats enrichissants et inspirants.<\/p>\n<\/div><\/div>\n\n\n<div class=\"wpforms-container wpforms-container-full wpforms-block wpforms-block-9b82fd67-641c-4072-8d02-bc8b7d713747\" id=\"wpforms-16740\"><form id=\"wpforms-form-16740\" class=\"wpforms-validate wpforms-form\" data-formid=\"16740\" method=\"post\" enctype=\"multipart\/form-data\" action=\"\/index.php?rest_route=%2Fwp%2Fv2%2Fpages%2F16738\" data-token=\"0012be2eeefd2e0117e4f2002784ee84\" data-token-time=\"1776517932\"><noscript class=\"wpforms-error-noscript\">Veuillez activer JavaScript dans votre navigateur pour remplir ce formulaire.<\/noscript><div class=\"wpforms-field-container\"><div id=\"wpforms-16740-field_3-container\" class=\"wpforms-field wpforms-field-text\" data-field-id=\"3\"><label class=\"wpforms-field-label\" for=\"wpforms-16740-field_3\">Media\/Marque <span class=\"wpforms-required-label\">*<\/span><\/label><input type=\"text\" id=\"wpforms-16740-field_3\" class=\"wpforms-field-medium wpforms-field-required\" name=\"wpforms[fields][3]\" required><div class=\"wpforms-field-description\">Nom du partenaire<\/div><\/div><div id=\"wpforms-16740-field_0-container\" class=\"wpforms-field wpforms-field-name\" data-field-id=\"0\"><label class=\"wpforms-field-label\">Nom <span class=\"wpforms-required-label\">*<\/span><\/label><div class=\"wpforms-field-row wpforms-field-medium\"><div class=\"wpforms-field-row-block wpforms-first wpforms-one-half\"><input type=\"text\" id=\"wpforms-16740-field_0\" class=\"wpforms-field-name-first wpforms-field-required\" name=\"wpforms[fields][0][first]\" required><label for=\"wpforms-16740-field_0\" class=\"wpforms-field-sublabel after\">Pr\u00e9nom<\/label><\/div><div class=\"wpforms-field-row-block wpforms-one-half\"><input type=\"text\" id=\"wpforms-16740-field_0-last\" class=\"wpforms-field-name-last wpforms-field-required\" name=\"wpforms[fields][0][last]\" required><label for=\"wpforms-16740-field_0-last\" class=\"wpforms-field-sublabel after\">Nom<\/label><\/div><\/div><\/div><div id=\"wpforms-16740-field_1-container\" class=\"wpforms-field wpforms-field-email\" data-field-id=\"1\"><label class=\"wpforms-field-label\" for=\"wpforms-16740-field_1\">E-mail <span class=\"wpforms-required-label\">*<\/span><\/label><input type=\"email\" id=\"wpforms-16740-field_1\" class=\"wpforms-field-medium wpforms-field-required\" name=\"wpforms[fields][1]\" spellcheck=\"false\" required><\/div><div id=\"wpforms-16740-field_2-container\" class=\"wpforms-field wpforms-field-textarea\" data-field-id=\"2\"><label class=\"wpforms-field-label\" for=\"wpforms-16740-field_2\">Message<\/label><textarea id=\"wpforms-16740-field_2\" class=\"wpforms-field-medium\" name=\"wpforms[fields][2]\" ><\/textarea><\/div><\/div><!-- .wpforms-field-container --><div class=\"wpforms-submit-container\" ><input type=\"hidden\" name=\"wpforms[id]\" value=\"16740\"><input type=\"hidden\" name=\"page_title\" value=\"\"><input type=\"hidden\" name=\"page_url\" value=\"https:\/\/www.iamslip.com\/index.php?rest_route=\/wp\/v2\/pages\/16738\"><input type=\"hidden\" name=\"url_referer\" value=\"\"><button type=\"submit\" name=\"wpforms[submit]\" id=\"wpforms-submit-16740\" class=\"wpforms-submit\" data-alt-text=\"Sending...\" data-submit-text=\"Send message\" aria-live=\"assertive\" value=\"wpforms-submit\">Send message<\/button><\/div><\/form><\/div>  <!-- .wpforms-container -->","protected":false},"excerpt":{"rendered":"<p>Pour proposer une opportunit\u00e9 de collaboration \u00e0 SLip, veuillez utiliser notre formulaire d\u00e9di\u00e9. SLip est ouvert \u00e0 intervenir sur une vari\u00e9t\u00e9 d&rsquo;\u00e9v\u00e9nements et de collaborations, allant des projets artistiques aux initiatives commerciales et culturelles. Nous encourageons une discussion approfondie pour comprendre vos besoins sp\u00e9cifiques et discuter de la meilleure mani\u00e8re de mettre en valeur l&rsquo;art [&hellip;]<\/p>\n","protected":false},"author":2,"featured_media":0,"parent":0,"menu_order":0,"comment_status":"closed","ping_status":"closed","template":"","meta":{"_crdt_document":"","_uag_custom_page_level_css":"","_swt_meta_header_display":false,"_swt_meta_footer_display":false,"_swt_meta_site_title_display":false,"_swt_meta_sticky_header":false,"_swt_meta_transparent_header":false,"footnotes":""},"class_list":["post-16738","page","type-page","status-publish","hentry"],"uagb_featured_image_src":{"full":false,"thumbnail":false,"medium":false,"medium_large":false,"large":false,"1536x1536":false,"2048x2048":false,"woocommerce_thumbnail":false,"woocommerce_single":false,"woocommerce_gallery_thumbnail":false},"uagb_author_info":{"display_name":"slip","author_link":"https:\/\/www.iamslip.com\/?author=2"},"uagb_comment_info":0,"uagb_excerpt":"Pour proposer une opportunit\u00e9 de collaboration \u00e0 SLip, veuillez utiliser notre formulaire d\u00e9di\u00e9. SLip est ouvert \u00e0 intervenir sur une vari\u00e9t\u00e9 d&rsquo;\u00e9v\u00e9nements et de collaborations, allant des projets artistiques aux initiatives commerciales et culturelles. Nous encourageons une discussion approfondie pour comprendre vos besoins sp\u00e9cifiques et discuter de la meilleure mani\u00e8re de mettre en valeur l&rsquo;art\u2026","_links":{"self":[{"href":"https:\/\/www.iamslip.com\/index.php?rest_route=\/wp\/v2\/pages\/16738","targetHints":{"allow":["GET"]}}],"collection":[{"href":"https:\/\/www.iamslip.com\/index.php?rest_route=\/wp\/v2\/pages"}],"about":[{"href":"https:\/\/www.iamslip.com\/index.php?rest_route=\/wp\/v2\/types\/page"}],"author":[{"embeddable":true,"href":"https:\/\/www.iamslip.com\/index.php?rest_route=\/wp\/v2\/users\/2"}],"replies":[{"embeddable":true,"href":"https:\/\/www.iamslip.com\/index.php?rest_route=%2Fwp%2Fv2%2Fcomments&post=16738"}],"version-history":[{"count":5,"href":"https:\/\/www.iamslip.com\/index.php?rest_route=\/wp\/v2\/pages\/16738\/revisions"}],"predecessor-version":[{"id":16753,"href":"https:\/\/www.iamslip.com\/index.php?rest_route=\/wp\/v2\/pages\/16738\/revisions\/16753"}],"wp:attachment":[{"href":"https:\/\/www.iamslip.com\/index.php?rest_route=%2Fwp%2Fv2%2Fmedia&parent=16738"}],"curies":[{"name":"wp","href":"https:\/\/api.w.org\/{rel}","templated":true}]}}