{"id":16696,"date":"2024-07-04T16:15:18","date_gmt":"2024-07-04T16:15:18","guid":{"rendered":"https:\/\/www.staging.iamslip.com\/?page_id=16696"},"modified":"2024-07-05T12:05:39","modified_gmt":"2024-07-05T12:05:39","slug":"exposer-slip","status":"publish","type":"page","link":"https:\/\/www.iamslip.com\/?page_id=16696","title":{"rendered":"Accueillir SLip pour une expo"},"content":{"rendered":"\n<div class=\"wp-block-media-text is-stacked-on-mobile\" style=\"grid-template-columns:37% auto\"><figure class=\"wp-block-media-text__media\"><img decoding=\"async\" width=\"1024\" height=\"1024\" src=\"https:\/\/www.iamslip.com\/wp-content\/uploads\/2024\/07\/expos-1024x1024.png\" alt=\"\" class=\"wp-image-16604 size-full\" srcset=\"https:\/\/www.iamslip.com\/wp-content\/uploads\/2024\/07\/expos-1024x1024.png 1024w, https:\/\/www.iamslip.com\/wp-content\/uploads\/2024\/07\/expos-300x300.png 300w, https:\/\/www.iamslip.com\/wp-content\/uploads\/2024\/07\/expos-150x150.png 150w, https:\/\/www.iamslip.com\/wp-content\/uploads\/2024\/07\/expos-768x768.png 768w, https:\/\/www.iamslip.com\/wp-content\/uploads\/2024\/07\/expos.png 1080w\" sizes=\"(max-width: 1024px) 100vw, 1024px\" \/><\/figure><div class=\"wp-block-media-text__content\">\n<p class=\"has-small-font-size wp-block-paragraph\">Pour proposer une opportunit\u00e9 d&rsquo;exposition \u00e0 SLip, utilisez le formulaire ci-dessous. Nous vous invitons \u00e0 fournir autant de d\u00e9tails que possible concernant le lieu d&rsquo;exposition, y compris sa taille, son emplacement g\u00e9ographique et ses caract\u00e9ristiques techniques. Ces informations permettront \u00e0 SLip de concevoir une exposition qui s&rsquo;int\u00e8gre harmonieusement \u00e0 l&rsquo;espace tout en mettant en valeur ses \u0153uvres de mani\u00e8re optimale. Nous sommes impatients de collaborer avec vous pour cr\u00e9er une exp\u00e9rience artistique enrichissante et m\u00e9morable pour tous les visiteurs.<\/p>\n<\/div><\/div>\n\n\n<div class=\"wpforms-container wpforms-container-full\" id=\"wpforms-16699\"><form id=\"wpforms-form-16699\" class=\"wpforms-validate wpforms-form\" data-formid=\"16699\" method=\"post\" enctype=\"multipart\/form-data\" action=\"\/index.php?rest_route=%2Fwp%2Fv2%2Fpages%2F16696\" data-token=\"aba94346914a29321df263dad82e3c4e\" data-token-time=\"1778762459\"><noscript class=\"wpforms-error-noscript\">Veuillez activer JavaScript dans votre navigateur pour remplir ce formulaire.<\/noscript><div class=\"wpforms-field-container\"><div id=\"wpforms-16699-field_3-container\" class=\"wpforms-field wpforms-field-text\" data-field-id=\"3\"><label class=\"wpforms-field-label\" for=\"wpforms-16699-field_3\">Lieu <span class=\"wpforms-required-label\">*<\/span><\/label><input type=\"text\" id=\"wpforms-16699-field_3\" class=\"wpforms-field-medium wpforms-field-required\" name=\"wpforms[fields][3]\" required><div class=\"wpforms-field-description\">Nom du lieu d'exposition<\/div><\/div><div id=\"wpforms-16699-field_0-container\" class=\"wpforms-field wpforms-field-name\" data-field-id=\"0\"><label class=\"wpforms-field-label\">Nom <span class=\"wpforms-required-label\">*<\/span><\/label><div class=\"wpforms-field-row wpforms-field-medium\"><div class=\"wpforms-field-row-block wpforms-first wpforms-one-half\"><input type=\"text\" id=\"wpforms-16699-field_0\" class=\"wpforms-field-name-first wpforms-field-required\" name=\"wpforms[fields][0][first]\" required><label for=\"wpforms-16699-field_0\" class=\"wpforms-field-sublabel after\">Pr\u00e9nom<\/label><\/div><div class=\"wpforms-field-row-block wpforms-one-half\"><input type=\"text\" id=\"wpforms-16699-field_0-last\" class=\"wpforms-field-name-last wpforms-field-required\" name=\"wpforms[fields][0][last]\" required><label for=\"wpforms-16699-field_0-last\" class=\"wpforms-field-sublabel after\">Nom<\/label><\/div><\/div><\/div><div id=\"wpforms-16699-field_1-container\" class=\"wpforms-field wpforms-field-email\" data-field-id=\"1\"><label class=\"wpforms-field-label\" for=\"wpforms-16699-field_1\">E-mail <span class=\"wpforms-required-label\">*<\/span><\/label><input type=\"email\" id=\"wpforms-16699-field_1\" class=\"wpforms-field-medium wpforms-field-required\" name=\"wpforms[fields][1]\" spellcheck=\"false\" required><\/div><div id=\"wpforms-16699-field_2-container\" class=\"wpforms-field wpforms-field-textarea\" data-field-id=\"2\"><label class=\"wpforms-field-label\" for=\"wpforms-16699-field_2\">Message<\/label><textarea id=\"wpforms-16699-field_2\" class=\"wpforms-field-medium\" name=\"wpforms[fields][2]\" ><\/textarea><\/div><\/div><!-- .wpforms-field-container --><div class=\"wpforms-submit-container\" ><input type=\"hidden\" name=\"wpforms[id]\" value=\"16699\"><input type=\"hidden\" name=\"page_title\" value=\"\"><input type=\"hidden\" name=\"page_url\" value=\"https:\/\/www.iamslip.com\/index.php?rest_route=\/wp\/v2\/pages\/16696\"><input type=\"hidden\" name=\"url_referer\" value=\"\"><button type=\"submit\" name=\"wpforms[submit]\" id=\"wpforms-submit-16699\" class=\"wpforms-submit\" data-alt-text=\"Sending...\" data-submit-text=\"Send message\" aria-live=\"assertive\" value=\"wpforms-submit\">Send message<\/button><\/div><\/form><\/div>  <!-- .wpforms-container -->\n\n","protected":false},"excerpt":{"rendered":"<p>Pour proposer une opportunit\u00e9 d&rsquo;exposition \u00e0 SLip, utilisez le formulaire ci-dessous. Nous vous invitons \u00e0 fournir autant de d\u00e9tails que possible concernant le lieu d&rsquo;exposition, y compris sa taille, son emplacement g\u00e9ographique et ses caract\u00e9ristiques techniques. Ces informations permettront \u00e0 SLip de concevoir une exposition qui s&rsquo;int\u00e8gre harmonieusement \u00e0 l&rsquo;espace tout en mettant en valeur [&hellip;]<\/p>\n","protected":false},"author":2,"featured_media":0,"parent":0,"menu_order":0,"comment_status":"closed","ping_status":"closed","template":"","meta":{"_crdt_document":"","_uag_custom_page_level_css":"","_swt_meta_header_display":false,"_swt_meta_footer_display":false,"_swt_meta_site_title_display":false,"_swt_meta_sticky_header":false,"_swt_meta_transparent_header":false,"footnotes":""},"class_list":["post-16696","page","type-page","status-publish","hentry"],"uagb_featured_image_src":{"full":false,"thumbnail":false,"medium":false,"medium_large":false,"large":false,"1536x1536":false,"2048x2048":false,"woocommerce_thumbnail":false,"woocommerce_single":false,"woocommerce_gallery_thumbnail":false},"uagb_author_info":{"display_name":"slip","author_link":"https:\/\/www.iamslip.com\/?author=2"},"uagb_comment_info":0,"uagb_excerpt":"Pour proposer une opportunit\u00e9 d&rsquo;exposition \u00e0 SLip, utilisez le formulaire ci-dessous. Nous vous invitons \u00e0 fournir autant de d\u00e9tails que possible concernant le lieu d&rsquo;exposition, y compris sa taille, son emplacement g\u00e9ographique et ses caract\u00e9ristiques techniques. Ces informations permettront \u00e0 SLip de concevoir une exposition qui s&rsquo;int\u00e8gre harmonieusement \u00e0 l&rsquo;espace tout en mettant en valeur\u2026","_links":{"self":[{"href":"https:\/\/www.iamslip.com\/index.php?rest_route=\/wp\/v2\/pages\/16696","targetHints":{"allow":["GET"]}}],"collection":[{"href":"https:\/\/www.iamslip.com\/index.php?rest_route=\/wp\/v2\/pages"}],"about":[{"href":"https:\/\/www.iamslip.com\/index.php?rest_route=\/wp\/v2\/types\/page"}],"author":[{"embeddable":true,"href":"https:\/\/www.iamslip.com\/index.php?rest_route=\/wp\/v2\/users\/2"}],"replies":[{"embeddable":true,"href":"https:\/\/www.iamslip.com\/index.php?rest_route=%2Fwp%2Fv2%2Fcomments&post=16696"}],"version-history":[{"count":5,"href":"https:\/\/www.iamslip.com\/index.php?rest_route=\/wp\/v2\/pages\/16696\/revisions"}],"predecessor-version":[{"id":16749,"href":"https:\/\/www.iamslip.com\/index.php?rest_route=\/wp\/v2\/pages\/16696\/revisions\/16749"}],"wp:attachment":[{"href":"https:\/\/www.iamslip.com\/index.php?rest_route=%2Fwp%2Fv2%2Fmedia&parent=16696"}],"curies":[{"name":"wp","href":"https:\/\/api.w.org\/{rel}","templated":true}]}}